{"id":1042,"date":"2015-11-18T16:12:05","date_gmt":"2015-11-18T16:12:05","guid":{"rendered":"http:\/\/s600511469.sito-web-online.it\/?page_id=1042"},"modified":"2021-03-26T13:25:11","modified_gmt":"2021-03-26T13:25:11","slug":"pagina-iniziale","status":"publish","type":"page","link":"https:\/\/fahrschule-bruneck.it\/?page_id=1042&lang=it","title":{"rendered":"pagina iniziale"},"content":{"rendered":"<div class=\"wpb-content-wrapper\"><p>[vc_row][vc_column][rev_slider_vc alias=&#8221;home-ital&#8221;][\/vc_column][\/vc_row][vc_row][vc_column]<section class='hero-section'>\r\n                  <div class='container'>\r\n                    <div class='col-md-9'>\r\n                      <h2>...40 anni d\u00b4esperienza e quindi semplicemente su un altro livello..<\/h2>\r\n                      <p>``Siamo un Partner affidabile e Vi offriamo in un ambiente sereno e senza stress una formazione ben consolidata che vi porter\u00e0 ad una buona sicurezza di guida.`` - lo garantisco col mio nome - Hannes Jungmann<\/p>\r\n                    <\/div>\r\n                    \r\n                    <div class='col-md-3 stars'>\r\n                      <a href='#'><i class='fa fa-star fa-2x wow zoomIn' data-wow-duration='1s' data-wow-delay='0s'><\/i><\/a>\r\n                      <a href='#'><i class='fa fa-star fa-2x wow zoomIn' data-wow-duration='1s' data-wow-delay='.2s'><\/i><\/a>\r\n                      <a href='#'><i class='fa fa-star fa-2x wow zoomIn' data-wow-duration='1s' data-wow-delay='.4s'><\/i><\/a>\r\n                      <a href='#'><i class='fa fa-star fa-2x wow zoomIn' data-wow-duration='1s' data-wow-delay='.6s'><\/i><\/a>\r\n                      <a href='#'><i class='fa fa-star fa-2x wow zoomIn' data-wow-duration='1s' data-wow-delay='.8s'><\/i><\/a>\r\n                    <\/div>\r\n                  <\/div>\r\n                <\/section>[\/vc_column][\/vc_row][vc_row][vc_column offset=&#8221;vc_hidden-xs&#8221;][orane_3dtest][orane_single_3dtest name=&#8221;Stauder Stefanie&#8221; company=&#8221;Tel: 0474 555 050 &#8211; Tel.mobile: 392 9481939&#8243; position=&#8221;segretaria capo &#8211; accompagnatore shuttle &#8211; assistente&#8221; image=&#8221;2564&#8243; link=&#8221;url:http%3A%2F%2Ffahrschule-bruneck.it%2Fit%2Fcontatto||&#8221;]segretaria capo, assistente quiz, accompagnamento esami col shuttle-bus, futura insegnate istruttore scuola guida[\/orane_single_3dtest][orane_single_3dtest name=&#8221;Jungmann Hannes&#8221; company=&#8221;Tel: 366 36 14 177&#8243; position=&#8221;Responsabile titolare&#8221; image=&#8221;1102&#8243; link=&#8221;url:http%3A%2F%2Ffahrschule-bruneck.it%2Fit%2Fcontatto||&#8221;]insegnante ed istruttore scuola guida[\/orane_single_3dtest][orane_single_3dtest name=&#8221;Giuseppe Porcelli&#8221; company=&#8221;Tel: 0474 555 050&#8243; position=&#8221;Cat. AM &#8211; A &#8211; B &#8211; BE &#8211; C &#8211; CE &#8211; D &#8211; DE &#8221; image=&#8221;3498&#8243; link=&#8221;url:http%3A%2F%2Ffahrschule-bruneck.it%2Fit%2Fcontatto||&#8221;]istruttore scuola guida [\/orane_single_3dtest][orane_single_3dtest name=&#8221;Putzer Raimund&#8221; company=&#8221;Tel: 0474 555050&#8243; position=&#8221;insegnante ed istruttore&#8221; image=&#8221;2580&#8243; link=&#8221;url:http%3A%2F%2Ffahrschule-bruneck.it%2Fit%2Fcontatto||&#8221;]insegnante ed istruttore scuola guida[\/orane_single_3dtest][orane_single_3dtest name=&#8221;Jungmann Paul&#8221; company=&#8221;Tel: 349 22 06 799&#8243; position=&#8221;socio &#8211; insegnante teoria e istruttore&#8221; image=&#8221;57&#8243; link=&#8221;url:http%3A%2F%2Ffahrschule-bruneck.it%2Fit%2Fcontatto||&#8221;]insegnante ed istruttore scuola guida[\/orane_single_3dtest][\/orane_3dtest][vc_separator][\/vc_column][\/vc_row][vc_row el_id=&#8221;specials&#8221;][vc_column][orane_features title=&#8221;| Nostri| Specials&#8221; details=&#8221;Siamo un Partner affidabile e Vi offriamo in un ambiente sereno e senza stress una formazione ben consolidata che vi permetter\u00e1 una buona sicurezza di guida.&#8221;][orane_single_feature title=&#8221;20 anni di esperienza in officina&#8221; icon=&#8221;fa-wrench&#8221; details=&#8221;Lorem ipsum dolor sit amet, consectetur adipisc elit. Fusce scelerisque nibh et neque faucibus suscipit nulla pariatur cillum.&#8221; link=&#8221;url:http%3A%2F%2Ffahrschule-bruneck.it%2Fit%2Fesperienza-officina-da-20-anni||&#8221;]Sapevate che avevamo da 20 anni un officina nostra? Un cattivo utilizzo del mezzo provoca costi![\/orane_single_feature][orane_single_feature title=&#8221;Formazione per la moto&#8221; icon=&#8221;fa-smile-o&#8221; details=&#8221;Lorem ipsum dolor sit amet, consectetur adipisc elit. Fusce scelerisque nibh et neque faucibus suscipit nulla pariatur cillum.&#8221; link=&#8221;url:http%3A%2F%2Ffahrschule-bruneck.it%2Fit%2Fpatente-moto||&#8221;]IMPARARE A GUIDARE SENZA PAURA &#8211; I nostri istruttori saranno in moto con voi per darvi maggiore sicurezza.[\/orane_single_feature][orane_single_feature title=&#8221;Veicoli di ultima generazione&#8221; icon=&#8221;fa-truck&#8221; details=&#8221;Lorem ipsum dolor sit amet, consectetur adipisc elit. Fusce scelerisque nibh et neque faucibus suscipit nulla pariatur cillum.&#8221; link=&#8221;url:http%3A%2F%2Ffahrschule-bruneck.it%2Fit%2Fle-nostre-auto||&#8221;]Tutti i motocicli da 125 ccm sono equipaggiati con una nuova tecnologia ABS e camion EURO 5. SIMPLY EXAMES.[\/orane_single_feature][orane_single_feature title=&#8221;INNOVATIVO&#8221; icon=&#8221;fa-lightbulb-o&#8221; details=&#8221;Lorem ipsum dolor sit amet, consectetur adipisc elit. Fusce scelerisque nibh et neque faucibus suscipit nulla pariatur cillum.&#8221; link=&#8221;url:http%3A%2F%2Ffahrschule-bruneck.it%2Fit%2Finnovativo||&#8221;]Aule ultra moderne ed interattive &#8211; preparazione ai quiz con il nostro assistente quiz.[\/orane_single_feature][orane_single_feature title=&#8221;FLESSIBILIT\u00c1&#8221; icon=&#8221;fa-external-link&#8221; details=&#8221;Lorem ipsum dolor sit amet, consectetur adipisc elit. Fusce scelerisque nibh et neque faucibus suscipit nulla pariatur cillum.&#8221; link=&#8221;url:http%3A%2F%2Ffahrschule-bruneck.it%2Fit%2Fflessibilita||&#8221;]Orari di teorie individuali e gruppi piccoli &#8211; da noi \u00e9 possibile accordarsi sugli orari delle lezioni.[\/orane_single_feature][orane_single_feature title=&#8221;Assistenza QUIZ&#8221; icon=&#8221;fa-check-square-o&#8221; details=&#8221;Lorem ipsum dolor sit amet, consectetur adipisc elit. Fusce scelerisque nibh et neque faucibus suscipit nulla pariatur cillum.&#8221; link=&#8221;url:http%3A%2F%2Ffahrschule-bruneck.it%2Fit%2Fhelp-desk-imparare-con-assistente-quiz||&#8221;]Assistenza Quiz tramite nosta assistente &#8211; insieme siamo forti &#8211; HELPDESK PREPARAZIONE D`ESAME[\/orane_single_feature][orane_single_feature title=&#8221;Know How&#8221; icon=&#8221;fa-rocket&#8221; details=&#8221;Lorem ipsum dolor sit amet, consectetur adipisc elit. Fusce scelerisque nibh et neque faucibus suscipit nulla pariatur cillum.&#8221; link=&#8221;url:http%3A%2F%2Ffahrschule-bruneck.it%2Fit%2Fknow-how-2||&#8221;]La nostra autoscuola ha piu di 35 anni di esperienza &#8211; piu di 13000 allievi che hanno affrontato gli esami con successo&#8230;. ancora domande?[\/orane_single_feature][orane_single_feature title=&#8221;Learning By Yourself&#8221; icon=&#8221;fa-users&#8221; details=&#8221;Lorem ipsum dolor sit amet, consectetur adipisc elit. Fusce scelerisque nibh et neque faucibus suscipit nulla pariatur cillum.&#8221; link=&#8221;url:http%3A%2F%2Ffahrschule-bruneck.it%2Fit%2Flearning-by-yourself-2||&#8221;]Vi forniamo tutte le informazioni per mettervi in grado di prepararvi a casa con i vostri genitori. RISPARMIARE MA IN MODO GIUSTO![\/orane_single_feature][orane_single_feature title=&#8221;DIFFICOLTA NEL SUPERARE LA TEORIEA?&#8221; icon=&#8221;fa-spinner&#8221; details=&#8221;Lorem ipsum dolor sit amet, consectetur adipisc elit. Fusce scelerisque nibh et neque faucibus suscipit nulla pariatur cillum.&#8221; link=&#8221;url:http%3A%2F%2Ffahrschule-bruneck.it%2Fit%2Fspesso-fallito||&#8221;]Da noi avrete la possibilit\u00e1 di fare lezioni individuali &#8211; Aiuti di sostegno durante i corsi &#8211; Maggiore sostegno porta a risultati concreti.[\/orane_single_feature][\/orane_features][\/vc_column][\/vc_row][vc_row full_height=&#8221;yes&#8221;][vc_column]<section class='welcome'>\r\n                  <div class='container'>\r\n                    <div class='col-md-12 wow fadeIn' data-wow-duration='1s' data-wow-delay='.4s'>\r\n                      <h2><span class='color'>FILOSOFIA AZIENDALE<\/span> &amp; <span class='color'>CONCETTI<\/span> PER I NOSTRI ALLIEVI<\/h2>\r\n                      <p>I nostri allievi possono approfittare del nostro KNOW-HOW teorico e pratico offerto dal nostro team che detiene un\u2019esperienza quarantenne. Grazie ad una buona preparazione ed ad una celere formazione i nostri allievi possono mirare con serenit\u00e0 verso il loro esame ed essere soddisfatti dalle nuove competenze acquisite. L\u2019incoraggiamento e le lodi che riceviamo dai nostri clienti ci dimostrano che con la nostra filosofia aziendale siamo sulla buona strada. Una strada che anche in futuro vogliamo proseguire insieme a Voi. Inoltre grazie al nostro metodo di insegnamento e alle nostre competenze vi guideremo verso un esame positivo.<\/p>\r\n                    <\/div>    \r\n                    <div class='col-md-12 wow fadeInUp' data-wow-duration='1s' data-wow-delay='.4s'>\r\n                      <img loading=\"lazy\" decoding=\"async\" width=\"387\" height=\"387\" src=\"https:\/\/fahrschule-bruneck.it\/wp-content\/uploads\/2020\/11\/Siegel-40-Jahre-f\u00fcr-Sie-da.png\" class=\"attachment-full size-full\" alt=\"\" srcset=\"https:\/\/fahrschule-bruneck.it\/wp-content\/uploads\/2020\/11\/Siegel-40-Jahre-f\u00fcr-Sie-da.png 387w, https:\/\/fahrschule-bruneck.it\/wp-content\/uploads\/2020\/11\/Siegel-40-Jahre-f\u00fcr-Sie-da-150x150.png 150w, https:\/\/fahrschule-bruneck.it\/wp-content\/uploads\/2020\/11\/Siegel-40-Jahre-f\u00fcr-Sie-da-300x300.png 300w, https:\/\/fahrschule-bruneck.it\/wp-content\/uploads\/2020\/11\/Siegel-40-Jahre-f\u00fcr-Sie-da-70x70.png 70w\" sizes=\"auto, (max-width: 387px) 100vw, 387px\" \/>\r\n                    <\/div>\r\n                  <\/div>\r\n                <\/section>[\/vc_column][\/vc_row][vc_row full_height=&#8221;yes&#8221;][vc_column][orane_services][orane_single_service title=&#8221;TRANSPARENZA&#8221; details=&#8221;Non abbiamo niente da nascondere, soprattutto non i prezzi ! 100% trasparenza.&#8221;][orane_single_service title=&#8221;CONOSCENZA SPECIFICA&#8221; details=&#8221;Pi\u00f9 di 40anni di esperienza e 14000 allievi con successo parlano da soli.&#8221;][orane_single_service title=&#8221;SUPPORTO&#8221; details=&#8221;Imparare senza paura per i nostri allievi e per noi \u00e8 fondamentale.&#8221;][\/orane_services][\/vc_column][\/vc_row][vc_row full_height=&#8221;yes&#8221; css=&#8221;.vc_custom_1450210375468{background-position: center !important;background-repeat: no-repeat !important;background-size: cover !important;}&#8221;][vc_column css=&#8221;.vc_custom_1450210245162{background-image: url(http:\/\/fahrschule-bruneck.it\/wp-content\/uploads\/2015\/11\/think-outside-the-box-startseite-marc-Medium.jpg?id=2405) !important;background-position: center !important;background-repeat: no-repeat !important;background-size: cover !important;}&#8221;]<section class='section_space'>\r\n                    <div class='container'>\r\n                        <div class='blankspace' style='height:300px;'><\/div>\r\n                    <\/div>\r\n                <\/section>[\/vc_column][\/vc_row][vc_row][vc_column][orane_special title=&#8221;I NOSTRI |PUNTI FORTI|&#8221; details=&#8221;Siamo un Partner affidabile e Vi offriamo in un ambiente sereno e senza stress una formazione ben consolidata che vi permetter\u00e1 una buona sicurezza di guida.<\/p>\n<p>Noi vorremmo trasmettere ai nostri allievi una buona, complessiva e ottimale formazione in tutte le categorie delle patenti. Il nostro obbiettivo \u00e8 ridurre incidenti gravi sulle strade tramite una buona formazione.<br \/>\nI nostri punti forti non consistono soltanto nell\u2019insegnamento di una buona guida, ma vi offriamo una conoscenza aperta in pi\u00f9 aspetti, come la scelta dell\u2019assicurazione, consigli e trucchi per l\u2019acquisto di una macchina in maniera pi\u00f9 soddisfacente ed economica, la scelta giusta dell\u2019autoveicolo e consigli su quesiti che potrebbero sorgere in autofficina. Per\u00f2 anche in prima linea il corretto utilizzo del veicolo per evitare costi aggiuntivi.<br \/>\nNOI ABBIAMO IL KNOW-HOW<br \/>\nLa patente dovrebbe essere vista come un investimento per il futuro.<br \/>\nPENSA ANCHE AL TUO DOMANI : THINK OUTSIDE THE BOX&#8221;][orane_single_special title=&#8221;Qualit\u00e1 formazione&#8221; details=&#8221;100&#8243;][orane_single_special title=&#8221;Insegna semplice&#8221; details=&#8221;100&#8243;][orane_single_special title=&#8221;Tecniche moderne&#8221; details=&#8221;100&#8243;][orane_single_special title=&#8221;Trasparenza prezzi&#8221; details=&#8221;100&#8243;][\/orane_special][\/vc_column][\/vc_row][vc_row][vc_column]<section class='seo' style='background:url(https:\/\/fahrschule-bruneck.it\/wp-content\/uploads\/2020\/11\/DSC04814.jpg) no-repeat scroll 0 0 \/ cover  rgba(0, 0, 0, 0)'>\r\n                    <div class='container'>\r\n                            <div class='col-md-8'>\r\n                                <div class='box-1 shadow-1'>\r\n                                <h2>Aule <span class='color'>ultra moderne<\/span><\/h2>\r\n                                <span id='typed'><\/span>\r\n                                <p>Confrontate le nostre aule con quelle della nostra concorrenza cos\u00ec vi rendereste conto della grande differenza. In questo modo vi sar\u00e0 facile scegliere l\u2019autoscuola giusta per voi.<\/p>\n<p>Perch\u00e9 e per quale motivo offriamo ai nostri allievi delle autoscuole cos\u00ec ben equipaggiate? Perch\u00e9 vogliamo offrire qualcosa ai nostri allievi e di conseguenza formarli al meglio.<\/p>\n<p>La migliore conferma sul percorso da noi scelto la riceviamo dai nostri allievi ogni giorno.<br \/>\n<\/p>\r\n                                <a class='btn-1' href='http:\/\/s600511469.sito-web-online.it\/it\/foto'>vedi fotogalleria &nbsp;<i class='fa fa-hand-o-right '><\/i><\/a>\r\n                                <\/div>\r\n                            <\/div>\r\n                    <\/div>\r\n                <\/section>[\/vc_column][\/vc_row][vc_row css=&#8221;.vc_custom_1606139936534{background-color: #000000 !important;}&#8221;][vc_column css=&#8221;.vc_custom_1606140629390{background-color: #000000 !important;}&#8221;]<section class='section_space'>\r\n                    <div class='container'>\r\n                        <div class='blankspace' style='height:20px;'><\/div>\r\n                    <\/div>\r\n                <\/section>[vc_column_text css=&#8221;.vc_custom_1606140889013{background-color: #000000 !important;}&#8221;]<\/p>\n<h1 style=\"text-align: center;\"><span style=\"color: #ffffff;\">Dott. Karl Erlacher<\/span><\/h1>\n<h1 style=\"text-align: center;\"><span style=\"color: #ffffff;\">Nostro esperto per consulenze legali in materia di C.d.S.<span style=\"color: #ff0000;\"> &#8211;\u00a0<\/span><\/span><em><span style=\"color: #ff0000;\">Noi Vi mettiamo in contatto volentieri.<\/span><\/em><\/h1>\n<p>[\/vc_column_text][vc_single_image image=&#8221;3065&#8243; alignment=&#8221;center&#8221; css=&#8221;.vc_custom_1606140061749{background-color: #000000 !important;}&#8221;][vc_column_text css=&#8221;.vc_custom_1606238509036{background-color: #000000 !important;}&#8221;]<\/p>\n<ul>\n<li><span style=\"color: #ffffff;\">E\u2019 stato nella Polizia di Stato dal 1980 al 2015, con esperienza come Commissario della Squadra Mobile di Bolzano e come Comandante della Polizia Stradale di Brunico.<\/span><\/li>\n<li><span style=\"color: #ffffff;\">Ha conoscenze professionali su tematiche del Codice della Strada (incidenti stradali, trasporto merci, sicurezza del carico, guida in stato di ebbrezza o sotto l\u2019effetto di sostanze stupefacenti, sospensione o ritiro patente, ecc.) e nel campo della polizia amministrativa (licenze porto d\u2019armi, diniego, revoca, sospensione porto d\u2019armi uso caccia o per difesa personale, esplosivi, permessi di soggiorno, cittadinanza, esercizi pubblici, manifestazioni pubbliche, ecc.).<\/span><\/li>\n<li><span style=\"color: #ffffff;\">Dal 2015 collabora con lo Studio Legale Associato Fava &amp; Partner<\/span><\/li>\n<li><span style=\"color: #ffffff;\">Lingue: tedesco, italiano.<\/span><\/li>\n<\/ul>\n<p>[\/vc_column_text][\/vc_column][\/vc_row][vc_row][vc_column][rev_slider_vc alias=&#8221;clean-slider-1&#8243;][\/vc_column][\/vc_row]<\/p>\n<\/div>","protected":false},"excerpt":{"rendered":"<p>[vc_row][vc_column][rev_slider_vc alias=&#8221;home-ital&#8221;][\/vc_column][\/vc_row][vc_row][vc_column][\/vc_column][\/vc_row][vc_row][vc_column offset=&#8221;vc_hidden-xs&#8221;][orane_3dtest][orane_single_3dtest name=&#8221;Stauder Stefanie&#8221; company=&#8221;Tel: 0474 555 050 &#8211; Tel.mobile: 392 9481939&#8243; position=&#8221;segretaria capo &#8211; accompagnatore shuttle &#8211; assistente&#8221; image=&#8221;2564&#8243; link=&#8221;url:http%3A%2F%2Ffahrschule-bruneck.it%2Fit%2Fcontatto||&#8221;]segretaria capo, assistente quiz, accompagnamento esami col shuttle-bus, futura insegnate istruttore scuola guida[\/orane_single_3dtest][orane_single_3dtest name=&#8221;Jungmann Hannes&#8221; company=&#8221;Tel: 366 36 14 177&#8243; position=&#8221;Responsabile titolare&#8221; image=&#8221;1102&#8243; link=&#8221;url:http%3A%2F%2Ffahrschule-bruneck.it%2Fit%2Fcontatto||&#8221;]insegnante ed istruttore scuola guida[\/orane_single_3dtest][orane_single_3dtest name=&#8221;Giuseppe Porcelli&#8221; company=&#8221;Tel: 0474 555 050&#8243;&#8230;<\/p>\n","protected":false},"author":1,"featured_media":0,"parent":0,"menu_order":0,"comment_status":"closed","ping_status":"closed","template":"home-page.php","meta":{"footnotes":""},"class_list":["post-1042","page","type-page","status-publish","hentry"],"_links":{"self":[{"href":"https:\/\/fahrschule-bruneck.it\/index.php?rest_route=\/wp\/v2\/pages\/1042","targetHints":{"allow":["GET"]}}],"collection":[{"href":"https:\/\/fahrschule-bruneck.it\/index.php?rest_route=\/wp\/v2\/pages"}],"about":[{"href":"https:\/\/fahrschule-bruneck.it\/index.php?rest_route=\/wp\/v2\/types\/page"}],"author":[{"embeddable":true,"href":"https:\/\/fahrschule-bruneck.it\/index.php?rest_route=\/wp\/v2\/users\/1"}],"replies":[{"embeddable":true,"href":"https:\/\/fahrschule-bruneck.it\/index.php?rest_route=%2Fwp%2Fv2%2Fcomments&post=1042"}],"version-history":[{"count":59,"href":"https:\/\/fahrschule-bruneck.it\/index.php?rest_route=\/wp\/v2\/pages\/1042\/revisions"}],"predecessor-version":[{"id":3510,"href":"https:\/\/fahrschule-bruneck.it\/index.php?rest_route=\/wp\/v2\/pages\/1042\/revisions\/3510"}],"wp:attachment":[{"href":"https:\/\/fahrschule-bruneck.it\/index.php?rest_route=%2Fwp%2Fv2%2Fmedia&parent=1042"}],"curies":[{"name":"wp","href":"https:\/\/api.w.org\/{rel}","templated":true}]}}