{"id":1433,"date":"2015-12-04T18:10:22","date_gmt":"2015-12-04T18:10:22","guid":{"rendered":"http:\/\/s600511469.sito-web-online.it\/?page_id=1433"},"modified":"2020-11-19T15:30:44","modified_gmt":"2020-11-19T15:30:44","slug":"learning-by-yourself","status":"publish","type":"page","link":"https:\/\/fahrschule-bruneck.it\/?page_id=1433&lang=de","title":{"rendered":"Learning by yourself &#8211; SPAREN ABER RICHTIG!"},"content":{"rendered":"<div class=\"wpb-content-wrapper\"><p>[vc_row][vc_column css=&#8221;.vc_custom_1605756879657{background-color: #000000 !important;}&#8221;][vc_custom_heading text=&#8221;NEHMT EURE ELTERN ZUR FAHRSTUNDE MIT! &#8211; WIR ZEIGEN EUCH AUF WAS ZU HAUSE WERT GELEGT WERDEN SOLL &#8211; SPAREN, ABER RICHTIG!&#8221; font_container=&#8221;tag:h2|font_size:30|text_align:left|color:%23ffffff&#8221; google_fonts=&#8221;font_family:Dosis%3A200%2C300%2Cregular%2C500%2C600%2C700%2C800|font_style:400%20regular%3A400%3Anormal&#8221;]<section class='seo-2' style='background-image:url(https:\/\/fahrschule-bruneck.it\/wp-content\/plugins\/orane_core\/images\/pattern\/10.png);'>\r\n                    <div class='container'>\r\n                        <div class='col-md-7 wow fadeIn' data-wow-duration='1s' data-wow-delay='.6s'>\r\n                            <img loading=\"lazy\" decoding=\"async\" width=\"591\" height=\"591\" src=\"https:\/\/fahrschule-bruneck.it\/wp-content\/uploads\/2020\/11\/SPAREN-ABER-RICHTIG-50X50.jpeg\" class=\"attachment-full size-full\" alt=\"\" srcset=\"https:\/\/fahrschule-bruneck.it\/wp-content\/uploads\/2020\/11\/SPAREN-ABER-RICHTIG-50X50.jpeg 591w, https:\/\/fahrschule-bruneck.it\/wp-content\/uploads\/2020\/11\/SPAREN-ABER-RICHTIG-50X50-150x150.jpeg 150w, https:\/\/fahrschule-bruneck.it\/wp-content\/uploads\/2020\/11\/SPAREN-ABER-RICHTIG-50X50-300x300.jpeg 300w, https:\/\/fahrschule-bruneck.it\/wp-content\/uploads\/2020\/11\/SPAREN-ABER-RICHTIG-50X50-70x70.jpeg 70w\" sizes=\"auto, (max-width: 591px) 100vw, 591px\" \/>\r\n                        <\/div>\r\n                        \r\n                        <div class='col-md-5 wow fadeInRight' data-wow-duration='1s' data-wow-delay='.6s'>\r\n                            <h2>Learning by yourself! <span class='color'>THINK OUTSIDE THE BOX<\/span><\/h2>\r\n                            <p>Wir bieten unseren Fahrsch\u00fclern ein ganz besonderes Special!<\/p>\n<p>Uns geht es nur darum, dass wir gemeinsam an das fixierte Ziel kommen: SICHER FAHREN LERNEN und SELBSTST\u00c4NDIGKEIT IM STRASSENVERKEHR MIT SICHERER FAHRWEISE!<\/p>\n<p>&#8211; Mit vielen Fahrten zu Hause kann man sehr viel Geld einsparen, nur muss man auch wissen, auf was bei der Fahrpr\u00fcfung Wert gelegt wird und welche \u00dcbungen die richtigen f\u00fcr zu Hause sind.<\/p>\n<p>Deshalb bieten wir euch gerne an, eure Eltern bei einzelnen Fahrstunden mitzunehmen, somit werden wir Ihnen sagen, auf was sie zu Hause Wert legen m\u00fcssen, um somit gute Heimarbeit leisten zu k\u00f6nnen, um einen verg\u00fcnstigten F\u00fchrerschein zu erm\u00f6glichen.<\/p>\n<p>WIR HABEN KEINE PROBLEME DAMIT, WENN UNS JEMAND BEI DER ARBEIT ZUSIEHT, DENN WIR WISSEN WAS WIR K\u00d6NNEN UND DASS WIR UNSERE ARBEIT GUT MACHEN.<\/p>\n<p>Nicht der Profit steht im Mittelpunkt, sondern DEIN ZIEL: DIE SICHERE FAHRWEISE ZU DEINEM EIGENEM BESTEN. THINK OUTSIDE THE BOX! SPAREN, ABER RICHTIG!<\/p>\r\n                            <a class='btn-1' href='http:\/\/s600511469.sito-web-online.it\/de\/kontakt'><i class='fa fa-arrow-circle-right '><\/i> <\/a>\r\n                        <\/div>\r\n                    <\/div>\r\n                <\/section><section class='section_space'>\r\n                    <div class='container'>\r\n                        <div class='blankspace' style='height:40px;'><\/div>\r\n                    <\/div>\r\n                <\/section>[\/vc_column][\/vc_row]<\/p>\n<\/div>","protected":false},"excerpt":{"rendered":"<p>[vc_row][vc_column css=&#8221;.vc_custom_1605756879657{background-color: #000000 !important;}&#8221;][vc_custom_heading text=&#8221;NEHMT EURE ELTERN ZUR FAHRSTUNDE MIT! &#8211; WIR ZEIGEN EUCH AUF WAS ZU HAUSE WERT GELEGT WERDEN SOLL &#8211; SPAREN, ABER RICHTIG!&#8221; font_container=&#8221;tag:h2|font_size:30|text_align:left|color:%23ffffff&#8221; google_fonts=&#8221;font_family:Dosis%3A200%2C300%2Cregular%2C500%2C600%2C700%2C800|font_style:400%20regular%3A400%3Anormal&#8221;][\/vc_column][\/vc_row]<\/p>\n","protected":false},"author":1,"featured_media":0,"parent":0,"menu_order":0,"comment_status":"closed","ping_status":"closed","template":"","meta":{"footnotes":""},"class_list":["post-1433","page","type-page","status-publish","hentry"],"_links":{"self":[{"href":"https:\/\/fahrschule-bruneck.it\/index.php?rest_route=\/wp\/v2\/pages\/1433","targetHints":{"allow":["GET"]}}],"collection":[{"href":"https:\/\/fahrschule-bruneck.it\/index.php?rest_route=\/wp\/v2\/pages"}],"about":[{"href":"https:\/\/fahrschule-bruneck.it\/index.php?rest_route=\/wp\/v2\/types\/page"}],"author":[{"embeddable":true,"href":"https:\/\/fahrschule-bruneck.it\/index.php?rest_route=\/wp\/v2\/users\/1"}],"replies":[{"embeddable":true,"href":"https:\/\/fahrschule-bruneck.it\/index.php?rest_route=%2Fwp%2Fv2%2Fcomments&post=1433"}],"version-history":[{"count":17,"href":"https:\/\/fahrschule-bruneck.it\/index.php?rest_route=\/wp\/v2\/pages\/1433\/revisions"}],"predecessor-version":[{"id":3051,"href":"https:\/\/fahrschule-bruneck.it\/index.php?rest_route=\/wp\/v2\/pages\/1433\/revisions\/3051"}],"wp:attachment":[{"href":"https:\/\/fahrschule-bruneck.it\/index.php?rest_route=%2Fwp%2Fv2%2Fmedia&parent=1433"}],"curies":[{"name":"wp","href":"https:\/\/api.w.org\/{rel}","templated":true}]}}