{"id":1437,"date":"2015-12-04T18:12:38","date_gmt":"2015-12-04T18:12:38","guid":{"rendered":"http:\/\/s600511469.sito-web-online.it\/?page_id=1437"},"modified":"2020-11-19T03:38:06","modified_gmt":"2020-11-19T03:38:06","slug":"motorradausbildung","status":"publish","type":"page","link":"https:\/\/fahrschule-bruneck.it\/?page_id=1437&lang=de","title":{"rendered":"Motorradausbildung"},"content":{"rendered":"<div class=\"wpb-content-wrapper\"><p>[vc_row][vc_column css=&#8221;.vc_custom_1605757068453{background-color: #000000 !important;}&#8221;][vc_custom_heading text=&#8221;NUR BEI UNS! &#8211; KOSTENLOS -&#8221; font_container=&#8221;tag:h2|font_size:30|text_align:left|color:%23ffffff&#8221; google_fonts=&#8221;font_family:Dosis%3A200%2C300%2Cregular%2C500%2C600%2C700%2C800|font_style:400%20regular%3A400%3Anormal&#8221;]<section class='seo-2' style='background-image:url(https:\/\/fahrschule-bruneck.it\/wp-content\/plugins\/orane_core\/images\/pattern\/10.png);'>\r\n                    <div class='container'>\r\n                        <div class='col-md-7 wow fadeIn' data-wow-duration='1s' data-wow-delay='.6s'>\r\n                            <img loading=\"lazy\" decoding=\"async\" width=\"631\" height=\"455\" src=\"https:\/\/fahrschule-bruneck.it\/wp-content\/uploads\/2015\/11\/A1-neu.png\" class=\"attachment-full size-full\" alt=\"\" srcset=\"https:\/\/fahrschule-bruneck.it\/wp-content\/uploads\/2015\/11\/A1-neu.png 631w, https:\/\/fahrschule-bruneck.it\/wp-content\/uploads\/2015\/11\/A1-neu-300x216.png 300w\" sizes=\"auto, (max-width: 631px) 100vw, 631px\" \/>\r\n                        <\/div>\r\n                        \r\n                        <div class='col-md-5 wow fadeInRight' data-wow-duration='1s' data-wow-delay='.6s'>\r\n                            <h2>Mit dem Instruktor gemeinsam auf dem Motorrad! <span class='color'>THINK OUTSIDE THE BOX<\/span><\/h2>\r\n                            <p>Wir bieten unseren Fahrsch\u00fclern ein ganz besonderes Special!<\/p>\n<p>Die ersten Fahrstunden mit dem Instruktor gemeinsam auf dem Motorrad &#8211; angstfreies Lernen und Aneignung von Feinheiten, die mit herk\u00f6mmlichen Methoden kaum \u00fcbermittelbar sind. Einmal richtig gelernt, bedeutet die richtige Basis f\u00fcr Euer Wohlbefinden in der Zukunft.<\/p>\r\n                            <a class='btn-1' href='http:\/\/s600511469.sito-web-online.it\/de\/kontakt'><i class='fa fa-arrow-circle-right '><\/i> JETZT ANMELDEN!<\/a>\r\n                        <\/div>\r\n                    <\/div>\r\n                <\/section><section class='section_space'>\r\n                    <div class='container'>\r\n                        <div class='blankspace' style='height:40px;'><\/div>\r\n                    <\/div>\r\n                <\/section>[\/vc_column][\/vc_row]<\/p>\n<\/div>","protected":false},"excerpt":{"rendered":"<p>[vc_row][vc_column css=&#8221;.vc_custom_1605757068453{background-color: #000000 !important;}&#8221;][vc_custom_heading text=&#8221;NUR BEI UNS! &#8211; KOSTENLOS -&#8221; font_container=&#8221;tag:h2|font_size:30|text_align:left|color:%23ffffff&#8221; google_fonts=&#8221;font_family:Dosis%3A200%2C300%2Cregular%2C500%2C600%2C700%2C800|font_style:400%20regular%3A400%3Anormal&#8221;][\/vc_column][\/vc_row]<\/p>\n","protected":false},"author":1,"featured_media":0,"parent":0,"menu_order":0,"comment_status":"closed","ping_status":"closed","template":"","meta":{"footnotes":""},"class_list":["post-1437","page","type-page","status-publish","hentry"],"_links":{"self":[{"href":"https:\/\/fahrschule-bruneck.it\/index.php?rest_route=\/wp\/v2\/pages\/1437","targetHints":{"allow":["GET"]}}],"collection":[{"href":"https:\/\/fahrschule-bruneck.it\/index.php?rest_route=\/wp\/v2\/pages"}],"about":[{"href":"https:\/\/fahrschule-bruneck.it\/index.php?rest_route=\/wp\/v2\/types\/page"}],"author":[{"embeddable":true,"href":"https:\/\/fahrschule-bruneck.it\/index.php?rest_route=\/wp\/v2\/users\/1"}],"replies":[{"embeddable":true,"href":"https:\/\/fahrschule-bruneck.it\/index.php?rest_route=%2Fwp%2Fv2%2Fcomments&post=1437"}],"version-history":[{"count":5,"href":"https:\/\/fahrschule-bruneck.it\/index.php?rest_route=\/wp\/v2\/pages\/1437\/revisions"}],"predecessor-version":[{"id":3011,"href":"https:\/\/fahrschule-bruneck.it\/index.php?rest_route=\/wp\/v2\/pages\/1437\/revisions\/3011"}],"wp:attachment":[{"href":"https:\/\/fahrschule-bruneck.it\/index.php?rest_route=%2Fwp%2Fv2%2Fmedia&parent=1437"}],"curies":[{"name":"wp","href":"https:\/\/api.w.org\/{rel}","templated":true}]}}