{"id":1441,"date":"2015-12-04T18:14:38","date_gmt":"2015-12-04T18:14:38","guid":{"rendered":"http:\/\/s600511469.sito-web-online.it\/?page_id=1441"},"modified":"2020-11-19T15:40:32","modified_gmt":"2020-11-19T15:40:32","slug":"know-how","status":"publish","type":"page","link":"https:\/\/fahrschule-bruneck.it\/?page_id=1441&lang=de","title":{"rendered":"Know How"},"content":{"rendered":"<div class=\"wpb-content-wrapper\"><p>[vc_row][vc_column css=&#8221;.vc_custom_1605756551105{background-color: #000000 !important;}&#8221;][vc_custom_heading text=&#8221;KNOW HOW kann man sich nicht kaufen, sondern nur erarbeiten! WISSEN und ERFAHRUNG sind die zwei Grundvorraussetzungen um jemanden etwas lehren zu k\u00f6nnen! WIR HABEN BEIDES!!&#8221; font_container=&#8221;tag:h2|font_size:30|text_align:left|color:%23ffffff&#8221; google_fonts=&#8221;font_family:Dosis%3A200%2C300%2Cregular%2C500%2C600%2C700%2C800|font_style:400%20regular%3A400%3Anormal&#8221;]<section class='seo-2' style='background-image:url(https:\/\/fahrschule-bruneck.it\/wp-content\/plugins\/orane_core\/images\/pattern\/10.png);'>\r\n                    <div class='container'>\r\n                        <div class='col-md-7 wow fadeIn' data-wow-duration='1s' data-wow-delay='.6s'>\r\n                            <img loading=\"lazy\" decoding=\"async\" width=\"591\" height=\"591\" src=\"https:\/\/fahrschule-bruneck.it\/wp-content\/uploads\/2020\/11\/siegel-40-jahre-f\u00fcr-sie-da-50x50.jpeg\" class=\"attachment-full size-full\" alt=\"\" srcset=\"https:\/\/fahrschule-bruneck.it\/wp-content\/uploads\/2020\/11\/siegel-40-jahre-f\u00fcr-sie-da-50x50.jpeg 591w, https:\/\/fahrschule-bruneck.it\/wp-content\/uploads\/2020\/11\/siegel-40-jahre-f\u00fcr-sie-da-50x50-150x150.jpeg 150w, https:\/\/fahrschule-bruneck.it\/wp-content\/uploads\/2020\/11\/siegel-40-jahre-f\u00fcr-sie-da-50x50-300x300.jpeg 300w, https:\/\/fahrschule-bruneck.it\/wp-content\/uploads\/2020\/11\/siegel-40-jahre-f\u00fcr-sie-da-50x50-70x70.jpeg 70w\" sizes=\"auto, (max-width: 591px) 100vw, 591px\" \/>\r\n                        <\/div>\r\n                        \r\n                        <div class='col-md-5 wow fadeInRight' data-wow-duration='1s' data-wow-delay='.6s'>\r\n                            <h2>40 Jahre Fahrschule + 20 Jahre Werkstatt + 20 Jahre Autohaus! <span class='color'>THINK OUTSIDE THE BOX<\/span><\/h2>\r\n                            <p>Wir haben aufgrund unserer familieneigenen Erwerbst\u00e4tigkeiten in den letzten 40 Jahren sehr viel Informationen und Zusammenh\u00e4nge aller Art betreffend jeglicher F\u00fchrerscheinklassen und deren Fahrzeuge selbst gewonnen.<\/p>\n<p>Unsere 20 j\u00e4hrige T\u00e4tigkeit als Autoverk\u00e4ufer und Reparaturwerkst\u00e4tte tr\u00e4gt massiv dazu bei, zusammenh\u00e4ngend begreifen zu k\u00f6nnen, wie man in Bezug auf ein Fahrzeug vom Einkauf bis zur Endbedienung durch den Fahrer umgehen soll, um unn\u00f6tige Mehrkosten zu vermeiden.<\/p>\n<p>Mehrkosten entstehen hier beispielsweise durch zu teueren Einkauf, falsche Verhandlungsstrategien und vor allem durch falsche oder unprofessionelle Nutzung des Fahrzeuges.<\/p>\n<p>Wir nehmen uns die Zeit und geben euch die ganzen Tips und Tricks weiter, denn wir sehen es als unsere Pflicht an, euch in allen Bereichen vor unn\u00f6tigen Kosten und Fehlern zu sch\u00fctzen. DENK NICHT KURZFRISTIG UND KONZENTRIERE DICH NUR AUF DEN SCHNELLEN F\u00dcHRERSCHEIN, SONDERN NUTZE DEINE ZEIT UM DIR EIN RUNDUM-WISSEN ANZUEIGNEN! THINK OUTSIDE THE BOX !<\/p>\n<p>Schon mal bedacht, dass du fast sicherlich dein ganzes Leben lang tagt\u00e4glich Autofahren wirst??<\/p>\n<p>&#8230;also ist sehr stark davon abzuraten, hier am falschen Ort schon bei der Ausbildung nachl\u00e4ssig zu sein. <\/p>\r\n                            <a class='btn-1' href='http:\/\/s600511469.sito-web-online.it\/de\/kontakt'><i class='fa fa-arrow-circle-right '><\/i> JETZT ANMELDEN!<\/a>\r\n                        <\/div>\r\n                    <\/div>\r\n                <\/section><section class='section_space'>\r\n                    <div class='container'>\r\n                        <div class='blankspace' style='height:40px;'><\/div>\r\n                    <\/div>\r\n                <\/section>[\/vc_column][\/vc_row]<\/p>\n<\/div>","protected":false},"excerpt":{"rendered":"<p>[vc_row][vc_column css=&#8221;.vc_custom_1605756551105{background-color: #000000 !important;}&#8221;][vc_custom_heading text=&#8221;KNOW HOW kann man sich nicht kaufen, sondern nur erarbeiten! WISSEN und ERFAHRUNG sind die zwei Grundvorraussetzungen um jemanden etwas lehren zu k\u00f6nnen! WIR HABEN BEIDES!!&#8221; font_container=&#8221;tag:h2|font_size:30|text_align:left|color:%23ffffff&#8221; google_fonts=&#8221;font_family:Dosis%3A200%2C300%2Cregular%2C500%2C600%2C700%2C800|font_style:400%20regular%3A400%3Anormal&#8221;][\/vc_column][\/vc_row]<\/p>\n","protected":false},"author":1,"featured_media":0,"parent":0,"menu_order":0,"comment_status":"closed","ping_status":"closed","template":"","meta":{"footnotes":""},"class_list":["post-1441","page","type-page","status-publish","hentry"],"_links":{"self":[{"href":"https:\/\/fahrschule-bruneck.it\/index.php?rest_route=\/wp\/v2\/pages\/1441","targetHints":{"allow":["GET"]}}],"collection":[{"href":"https:\/\/fahrschule-bruneck.it\/index.php?rest_route=\/wp\/v2\/pages"}],"about":[{"href":"https:\/\/fahrschule-bruneck.it\/index.php?rest_route=\/wp\/v2\/types\/page"}],"author":[{"embeddable":true,"href":"https:\/\/fahrschule-bruneck.it\/index.php?rest_route=\/wp\/v2\/users\/1"}],"replies":[{"embeddable":true,"href":"https:\/\/fahrschule-bruneck.it\/index.php?rest_route=%2Fwp%2Fv2%2Fcomments&post=1441"}],"version-history":[{"count":22,"href":"https:\/\/fahrschule-bruneck.it\/index.php?rest_route=\/wp\/v2\/pages\/1441\/revisions"}],"predecessor-version":[{"id":3061,"href":"https:\/\/fahrschule-bruneck.it\/index.php?rest_route=\/wp\/v2\/pages\/1441\/revisions\/3061"}],"wp:attachment":[{"href":"https:\/\/fahrschule-bruneck.it\/index.php?rest_route=%2Fwp%2Fv2%2Fmedia&parent=1441"}],"curies":[{"name":"wp","href":"https:\/\/api.w.org\/{rel}","templated":true}]}}