{"id":1443,"date":"2015-12-04T18:17:42","date_gmt":"2015-12-04T18:17:42","guid":{"rendered":"http:\/\/s600511469.sito-web-online.it\/?page_id=1443"},"modified":"2020-11-19T03:36:13","modified_gmt":"2020-11-19T03:36:13","slug":"innovativ","status":"publish","type":"page","link":"https:\/\/fahrschule-bruneck.it\/?page_id=1443&lang=de","title":{"rendered":"Innovativ"},"content":{"rendered":"<div class=\"wpb-content-wrapper\"><p>[vc_row][vc_column css=&#8221;.vc_custom_1605756960697{background-color: #000000 !important;}&#8221;][vc_custom_heading text=&#8221;WIR INVESTIEREN VIEL IN ZEITGEM\u00c4SSE AUSBILDUNG UND ST\u00c4NDIGE WEITERENTWICKLUNG!&#8221; font_container=&#8221;tag:h2|font_size:30|text_align:left|color:%23ffffff&#8221; google_fonts=&#8221;font_family:Dosis%3A200%2C300%2Cregular%2C500%2C600%2C700%2C800|font_style:400%20regular%3A400%3Anormal&#8221;]<section class='seo-2' style='background-image:url(https:\/\/fahrschule-bruneck.it\/wp-content\/plugins\/orane_core\/images\/pattern\/10.png);'>\r\n                    <div class='container'>\r\n                        <div class='col-md-7 wow fadeIn' data-wow-duration='1s' data-wow-delay='.6s'>\r\n                            <img loading=\"lazy\" decoding=\"async\" width=\"387\" height=\"500\" src=\"https:\/\/fahrschule-bruneck.it\/wp-content\/uploads\/2015\/12\/3d-m\u00e4nnchen-mit-know-how.jpg\" class=\"attachment-full size-full\" alt=\"\" srcset=\"https:\/\/fahrschule-bruneck.it\/wp-content\/uploads\/2015\/12\/3d-m\u00e4nnchen-mit-know-how.jpg 387w, https:\/\/fahrschule-bruneck.it\/wp-content\/uploads\/2015\/12\/3d-m\u00e4nnchen-mit-know-how-232x300.jpg 232w\" sizes=\"auto, (max-width: 387px) 100vw, 387px\" \/>\r\n                        <\/div>\r\n                        \r\n                        <div class='col-md-5 wow fadeInRight' data-wow-duration='1s' data-wow-delay='.6s'>\r\n                            <h2>Erfahrung - Wissen - Innovation! <span class='color'>THINK OUTSIDE THE BOX<\/span><\/h2>\r\n                            <p>Wir investieren viel in st\u00e4ndig neue Fahrschulausstattung um unseren Sch\u00fclern ein zeitgerechtes und umfassendes Lernen zu erm\u00f6glichen.<\/p>\n<p>Dabei gehen wir st\u00e4ndig von herk\u00f6mmlichen Unterrichtsmethoden weg, hin zu neuen und modernen, um unsere Sch\u00fcler bestm\u00f6glich und der Zeit angepasst, bei dem Erlernen des notwendigen Wissens zu unterst\u00fctzen und Gute Vorraussetzungen f\u00fcr einen reibungslosen Ablauf zu schaffen.<\/p>\n<p>WIR NEHMEN UNS ZEIT F\u00dcR JEDEN EINZELNEN. DAS IST WICHTIG, DENN DER F\u00dcHRERSCHEIN IST EINE INDIVIDUELLE ANGELEGENHEIT UND JEDER EINZELNE SCH\u00dcLER BRINGT ANDERE GABEN UND SCHWIERIGKEITEN MIT SICH.<\/p>\n<p><\/p>\r\n                            <a class='btn-1' href='http:\/\/s600511469.sito-web-online.it\/de\/kontakt'><i class='fa fa-arrow-circle-right '><\/i> JETZT ANMELDEN!<\/a>\r\n                        <\/div>\r\n                    <\/div>\r\n                <\/section><section class='section_space'>\r\n                    <div class='container'>\r\n                        <div class='blankspace' style='height:40px;'><\/div>\r\n                    <\/div>\r\n                <\/section>[\/vc_column][\/vc_row]<\/p>\n<\/div>","protected":false},"excerpt":{"rendered":"<p>[vc_row][vc_column css=&#8221;.vc_custom_1605756960697{background-color: #000000 !important;}&#8221;][vc_custom_heading text=&#8221;WIR INVESTIEREN VIEL IN ZEITGEM\u00c4SSE AUSBILDUNG UND ST\u00c4NDIGE WEITERENTWICKLUNG!&#8221; font_container=&#8221;tag:h2|font_size:30|text_align:left|color:%23ffffff&#8221; google_fonts=&#8221;font_family:Dosis%3A200%2C300%2Cregular%2C500%2C600%2C700%2C800|font_style:400%20regular%3A400%3Anormal&#8221;][\/vc_column][\/vc_row]<\/p>\n","protected":false},"author":1,"featured_media":0,"parent":0,"menu_order":0,"comment_status":"closed","ping_status":"closed","template":"","meta":{"footnotes":""},"class_list":["post-1443","page","type-page","status-publish","hentry"],"_links":{"self":[{"href":"https:\/\/fahrschule-bruneck.it\/index.php?rest_route=\/wp\/v2\/pages\/1443","targetHints":{"allow":["GET"]}}],"collection":[{"href":"https:\/\/fahrschule-bruneck.it\/index.php?rest_route=\/wp\/v2\/pages"}],"about":[{"href":"https:\/\/fahrschule-bruneck.it\/index.php?rest_route=\/wp\/v2\/types\/page"}],"author":[{"embeddable":true,"href":"https:\/\/fahrschule-bruneck.it\/index.php?rest_route=\/wp\/v2\/users\/1"}],"replies":[{"embeddable":true,"href":"https:\/\/fahrschule-bruneck.it\/index.php?rest_route=%2Fwp%2Fv2%2Fcomments&post=1443"}],"version-history":[{"count":9,"href":"https:\/\/fahrschule-bruneck.it\/index.php?rest_route=\/wp\/v2\/pages\/1443\/revisions"}],"predecessor-version":[{"id":2247,"href":"https:\/\/fahrschule-bruneck.it\/index.php?rest_route=\/wp\/v2\/pages\/1443\/revisions\/2247"}],"wp:attachment":[{"href":"https:\/\/fahrschule-bruneck.it\/index.php?rest_route=%2Fwp%2Fv2%2Fmedia&parent=1443"}],"curies":[{"name":"wp","href":"https:\/\/api.w.org\/{rel}","templated":true}]}}