{"id":1448,"date":"2015-12-04T18:19:05","date_gmt":"2015-12-04T18:19:05","guid":{"rendered":"http:\/\/s600511469.sito-web-online.it\/?page_id=1448"},"modified":"2020-11-19T03:35:26","modified_gmt":"2020-11-19T03:35:26","slug":"flexibilitaet","status":"publish","type":"page","link":"https:\/\/fahrschule-bruneck.it\/?page_id=1448&lang=de","title":{"rendered":"Flexibilit\u00e4t"},"content":{"rendered":"<div class=\"wpb-content-wrapper\"><p>[vc_row][vc_column][vc_column_text]<\/p>\n<p>[\/vc_column_text][\/vc_column][\/vc_row][vc_row][vc_column css=&#8221;.vc_custom_1605756910913{background-color: #000000 !important;}&#8221;][vc_custom_heading text=&#8221;NUR BEI UNS! -Individuelle Theoriezeiten m\u00f6glich &#8211; WIR PASSEN UNS AN DICH AN!&#8221; font_container=&#8221;tag:h2|font_size:30|text_align:left|color:%23ffffff&#8221; google_fonts=&#8221;font_family:Dosis%3A200%2C300%2Cregular%2C500%2C600%2C700%2C800|font_style:400%20regular%3A400%3Anormal&#8221;]<section class='seo-2' style='background-image:url(https:\/\/fahrschule-bruneck.it\/wp-content\/plugins\/orane_core\/images\/pattern\/10.png);'>\r\n                    <div class='container'>\r\n                        <div class='col-md-7 wow fadeIn' data-wow-duration='1s' data-wow-delay='.6s'>\r\n                            <img loading=\"lazy\" decoding=\"async\" width=\"394\" height=\"343\" src=\"https:\/\/fahrschule-bruneck.it\/wp-content\/uploads\/2015\/12\/kleingruppen-top-test.jpg\" class=\"attachment-full size-full\" alt=\"\" srcset=\"https:\/\/fahrschule-bruneck.it\/wp-content\/uploads\/2015\/12\/kleingruppen-top-test.jpg 394w, https:\/\/fahrschule-bruneck.it\/wp-content\/uploads\/2015\/12\/kleingruppen-top-test-300x261.jpg 300w\" sizes=\"auto, (max-width: 394px) 100vw, 394px\" \/>\r\n                        <\/div>\r\n                        \r\n                        <div class='col-md-5 wow fadeInRight' data-wow-duration='1s' data-wow-delay='.6s'>\r\n                            <h2>Flexible Stunden nach Bedarf! <span class='color'>THINK OUTSIDE THE BOX<\/span><\/h2>\r\n                            <p>Wir bieten unseren Fahrsch\u00fclern ein ganz besonderes Special!<\/p>\n<ul>\n<li>BLOCKUNTERRICHT\u00a0&#8211;\u00a0Theorieunterricht, der nicht \u2013 wie \u00fcblich \u2013 in einzelnen Schulstunden und an einzelnen Schultagen einer Woche, sondern in zusammenh\u00e4ngenden Zeitr\u00e4umen (Bl\u00f6cken) von mehreren Tagen bis Wochen erfolgt.<\/li>\n<\/ul>\n<p><\/p>\r\n                            <a class='btn-1' href='http:\/\/s600511469.sito-web-online.it\/de\/kontakt'><i class='fa fa-arrow-circle-right '><\/i> JETZT ANMELDEN!<\/a>\r\n                        <\/div>\r\n                    <\/div>\r\n                <\/section><section class='section_space'>\r\n                    <div class='container'>\r\n                        <div class='blankspace' style='height:40px;'><\/div>\r\n                    <\/div>\r\n                <\/section>[\/vc_column][\/vc_row][vc_row][vc_column][vc_column_text]<\/p>\n<p>&nbsp;<\/p>\n<p>[\/vc_column_text][\/vc_column][\/vc_row]<\/p>\n<\/div>","protected":false},"excerpt":{"rendered":"<p>[vc_row][vc_column][vc_column_text] [\/vc_column_text][\/vc_column][\/vc_row][vc_row][vc_column css=&#8221;.vc_custom_1605756910913{background-color: #000000 !important;}&#8221;][vc_custom_heading text=&#8221;NUR BEI UNS! -Individuelle Theoriezeiten m\u00f6glich &#8211; WIR PASSEN UNS AN DICH AN!&#8221; font_container=&#8221;tag:h2|font_size:30|text_align:left|color:%23ffffff&#8221; google_fonts=&#8221;font_family:Dosis%3A200%2C300%2Cregular%2C500%2C600%2C700%2C800|font_style:400%20regular%3A400%3Anormal&#8221;][\/vc_column][\/vc_row][vc_row][vc_column][vc_column_text] &nbsp; [\/vc_column_text][\/vc_column][\/vc_row]<\/p>\n","protected":false},"author":1,"featured_media":0,"parent":0,"menu_order":0,"comment_status":"closed","ping_status":"closed","template":"","meta":{"footnotes":""},"class_list":["post-1448","page","type-page","status-publish","hentry"],"_links":{"self":[{"href":"https:\/\/fahrschule-bruneck.it\/index.php?rest_route=\/wp\/v2\/pages\/1448","targetHints":{"allow":["GET"]}}],"collection":[{"href":"https:\/\/fahrschule-bruneck.it\/index.php?rest_route=\/wp\/v2\/pages"}],"about":[{"href":"https:\/\/fahrschule-bruneck.it\/index.php?rest_route=\/wp\/v2\/types\/page"}],"author":[{"embeddable":true,"href":"https:\/\/fahrschule-bruneck.it\/index.php?rest_route=\/wp\/v2\/users\/1"}],"replies":[{"embeddable":true,"href":"https:\/\/fahrschule-bruneck.it\/index.php?rest_route=%2Fwp%2Fv2%2Fcomments&post=1448"}],"version-history":[{"count":22,"href":"https:\/\/fahrschule-bruneck.it\/index.php?rest_route=\/wp\/v2\/pages\/1448\/revisions"}],"predecessor-version":[{"id":3004,"href":"https:\/\/fahrschule-bruneck.it\/index.php?rest_route=\/wp\/v2\/pages\/1448\/revisions\/3004"}],"wp:attachment":[{"href":"https:\/\/fahrschule-bruneck.it\/index.php?rest_route=%2Fwp%2Fv2%2Fmedia&parent=1448"}],"curies":[{"name":"wp","href":"https:\/\/api.w.org\/{rel}","templated":true}]}}