{"id":1453,"date":"2015-12-04T18:20:08","date_gmt":"2015-12-04T18:20:08","guid":{"rendered":"http:\/\/s600511469.sito-web-online.it\/?page_id=1453"},"modified":"2020-11-19T03:33:24","modified_gmt":"2020-11-19T03:33:24","slug":"online-quizbetreuung","status":"publish","type":"page","link":"https:\/\/fahrschule-bruneck.it\/?page_id=1453&lang=de","title":{"rendered":"HELP DESK &#8211; Lernen mit QUIZASSITENT"},"content":{"rendered":"<div class=\"wpb-content-wrapper\"><p>[vc_row][vc_column css=&#8221;.vc_custom_1605756762661{background-color: #000000 !important;}&#8221;][vc_custom_heading text=&#8221;NUR BEI UNS! &#8211; KOSTENLOS -&#8221; font_container=&#8221;tag:h2|font_size:30|text_align:left|color:%23ffffff&#8221; google_fonts=&#8221;font_family:Dosis%3A200%2C300%2Cregular%2C500%2C600%2C700%2C800|font_style:400%20regular%3A400%3Anormal&#8221;]<section class='seo-2' style='background-image:url(https:\/\/fahrschule-bruneck.it\/wp-content\/plugins\/orane_core\/images\/pattern\/10.png);'>\r\n                    <div class='container'>\r\n                        <div class='col-md-7 wow fadeIn' data-wow-duration='1s' data-wow-delay='.6s'>\r\n                            <img loading=\"lazy\" decoding=\"async\" width=\"992\" height=\"992\" src=\"https:\/\/fahrschule-bruneck.it\/wp-content\/uploads\/2015\/12\/rsize-4.jpg\" class=\"attachment-full size-full\" alt=\"\" srcset=\"https:\/\/fahrschule-bruneck.it\/wp-content\/uploads\/2015\/12\/rsize-4.jpg 992w, https:\/\/fahrschule-bruneck.it\/wp-content\/uploads\/2015\/12\/rsize-4-150x150.jpg 150w, https:\/\/fahrschule-bruneck.it\/wp-content\/uploads\/2015\/12\/rsize-4-300x300.jpg 300w, https:\/\/fahrschule-bruneck.it\/wp-content\/uploads\/2015\/12\/rsize-4-70x70.jpg 70w\" sizes=\"auto, (max-width: 992px) 100vw, 992px\" \/>\r\n                        <\/div>\r\n                        \r\n                        <div class='col-md-5 wow fadeInRight' data-wow-duration='1s' data-wow-delay='.6s'>\r\n                            <h2>Quizassistent - HELP DESK <span class='color'>THINK OUTSIDE THE BOX<\/span><\/h2>\r\n                            <p><span style=\"color: #ff0000;\"><strong> WIR NEHMEN UNS ZEIT F\u00dcR DICH! Wir erkl\u00e4ren euch die Fehler in den Quiz bei uns in der Fahrschule.<\/strong><\/span><\/p>\n<p><span style=\"color: #ff0000;\"><strong>Help Desk f\u00fcr Quiz-\u00dcbungen &#8211; in angenehmer und stressfreier Atmosph\u00e4re ganz einfach ans Ziel.<\/strong><\/span><\/p>\n<p><span style=\"color: #ff0000;\"><strong>&#8211; KOMM BEI UNS IN BRUNECK VORBEI UND WIR ERKL\u00c4REN DIR UNSERE NEUEN LERNMETHODEN &#8211;<\/strong><\/span><\/p>\n<p><\/p>\r\n                            <a class='btn-1' href='http:\/\/s600511469.sito-web-online.it\/de\/kontakt'><i class='fa fa-arrow-circle-right '><\/i> JETZT ANMELDEN!<\/a>\r\n                        <\/div>\r\n                    <\/div>\r\n                <\/section><section class='section_space'>\r\n                    <div class='container'>\r\n                        <div class='blankspace' style='height:40px;'><\/div>\r\n                    <\/div>\r\n                <\/section>[vc_media_grid element_width=&#8221;3&#8243; grid_id=&#8221;vc_gid:1605756786069-9627c5bd-0585-6&#8243; include=&#8221;1499,1486,1500,1502&#8243;][\/vc_column][\/vc_row]<\/p>\n<\/div>","protected":false},"excerpt":{"rendered":"<p>[vc_row][vc_column css=&#8221;.vc_custom_1605756762661{background-color: #000000 !important;}&#8221;][vc_custom_heading text=&#8221;NUR BEI UNS! &#8211; KOSTENLOS -&#8221; font_container=&#8221;tag:h2|font_size:30|text_align:left|color:%23ffffff&#8221; google_fonts=&#8221;font_family:Dosis%3A200%2C300%2Cregular%2C500%2C600%2C700%2C800|font_style:400%20regular%3A400%3Anormal&#8221;][vc_media_grid element_width=&#8221;3&#8243; grid_id=&#8221;vc_gid:1605756786069-9627c5bd-0585-6&#8243; include=&#8221;1499,1486,1500,1502&#8243;][\/vc_column][\/vc_row]<\/p>\n","protected":false},"author":1,"featured_media":0,"parent":0,"menu_order":0,"comment_status":"closed","ping_status":"closed","template":"","meta":{"footnotes":""},"class_list":["post-1453","page","type-page","status-publish","hentry"],"_links":{"self":[{"href":"https:\/\/fahrschule-bruneck.it\/index.php?rest_route=\/wp\/v2\/pages\/1453","targetHints":{"allow":["GET"]}}],"collection":[{"href":"https:\/\/fahrschule-bruneck.it\/index.php?rest_route=\/wp\/v2\/pages"}],"about":[{"href":"https:\/\/fahrschule-bruneck.it\/index.php?rest_route=\/wp\/v2\/types\/page"}],"author":[{"embeddable":true,"href":"https:\/\/fahrschule-bruneck.it\/index.php?rest_route=\/wp\/v2\/users\/1"}],"replies":[{"embeddable":true,"href":"https:\/\/fahrschule-bruneck.it\/index.php?rest_route=%2Fwp%2Fv2%2Fcomments&post=1453"}],"version-history":[{"count":25,"href":"https:\/\/fahrschule-bruneck.it\/index.php?rest_route=\/wp\/v2\/pages\/1453\/revisions"}],"predecessor-version":[{"id":2999,"href":"https:\/\/fahrschule-bruneck.it\/index.php?rest_route=\/wp\/v2\/pages\/1453\/revisions\/2999"}],"wp:attachment":[{"href":"https:\/\/fahrschule-bruneck.it\/index.php?rest_route=%2Fwp%2Fv2%2Fmedia&parent=1453"}],"curies":[{"name":"wp","href":"https:\/\/api.w.org\/{rel}","templated":true}]}}