{"id":15,"date":"2015-11-17T07:30:08","date_gmt":"2015-11-17T07:30:08","guid":{"rendered":"http:\/\/s600511469.sito-web-online.it\/?page_id=15"},"modified":"2020-11-21T00:35:29","modified_gmt":"2020-11-21T00:35:29","slug":"anmeldung","status":"publish","type":"page","link":"https:\/\/fahrschule-bruneck.it\/?page_id=15&lang=de","title":{"rendered":"Anmeldung"},"content":{"rendered":"<div class=\"wpb-content-wrapper\"><p>[vc_row][vc_column][rev_slider_vc alias=&#8221;slider1&#8243;][\/vc_column][\/vc_row][vc_row][vc_column]<section class='hero-section'>\r\n                  <div class='container'>\r\n                    <div class='col-md-9'>\r\n                      <h2>Was wird f\u00fcr die <b>ANMELDUNG<\/b> ben\u00f6tigt?<\/h2>\r\n                      <p>Welche Dokumente ben\u00f6tige ich zur Erlangung des ``Foglia Rosa``?<\/p>\r\n                    <\/div>\r\n                    \r\n                    <div class='col-md-3 stars'>\r\n                      <a href='#'><i class='fa fa-star fa-2x wow zoomIn' data-wow-duration='1s' data-wow-delay='0s'><\/i><\/a>\r\n                      <a href='#'><i class='fa fa-star fa-2x wow zoomIn' data-wow-duration='1s' data-wow-delay='.2s'><\/i><\/a>\r\n                      <a href='#'><i class='fa fa-star fa-2x wow zoomIn' data-wow-duration='1s' data-wow-delay='.4s'><\/i><\/a>\r\n                      <a href='#'><i class='fa fa-star fa-2x wow zoomIn' data-wow-duration='1s' data-wow-delay='.6s'><\/i><\/a>\r\n                      <a href='#'><i class='fa fa-star fa-2x wow zoomIn' data-wow-duration='1s' data-wow-delay='.8s'><\/i><\/a>\r\n                    <\/div>\r\n                  <\/div>\r\n                <\/section>[\/vc_column][\/vc_row][vc_row css=&#8221;.vc_custom_1605918908274{background-color: #ffffff !important;}&#8221;][vc_column css=&#8221;.vc_custom_1605918918904{background-color: #ffffff !important;}&#8221;]<section class='section_space'>\r\n                    <div class='container'>\r\n                        <div class='blankspace' style='height:30px;'><\/div>\r\n                    <\/div>\r\n                <\/section>[\/vc_column][\/vc_row][vc_row css=&#8221;.vc_custom_1605918926853{background-color: #ffffff !important;}&#8221;][vc_column width=&#8221;1\/4&#8243;][vc_text_separator title=&#8221;Kopie Ausweis&#8221; color=&#8221;pink&#8221;][vc_single_image image=&#8221;1405&#8243; img_size=&#8221;medium&#8221; alignment=&#8221;center&#8221; style=&#8221;vc_box_rounded&#8221; css_animation=&#8221;appear&#8221;][vc_separator][\/vc_column][vc_column width=&#8221;1\/4&#8243;][vc_text_separator title=&#8221;Kopie Steuernummer&#8221; color=&#8221;pink&#8221;][vc_single_image image=&#8221;1335&#8243; img_size=&#8221;medium&#8221; style=&#8221;vc_box_rounded&#8221; css_animation=&#8221;appear&#8221;][vc_separator][\/vc_column][vc_column width=&#8221;1\/4&#8243;][vc_text_separator title=&#8221;Telematisches \u00c4rztliches Zeugnis&#8221; color=&#8221;pink&#8221;][vc_single_image image=&#8221;2538&#8243; img_size=&#8221;medium&#8221; alignment=&#8221;center&#8221; style=&#8221;vc_box_rounded&#8221; css_animation=&#8221;appear&#8221;][vc_separator][\/vc_column][vc_column width=&#8221;1\/4&#8243;][vc_text_separator title=&#8221;4 Posteinzahlungen an das Schatzamt &#8211; Registergeb\u00fchr&#8221; color=&#8221;pink&#8221;][vc_single_image image=&#8221;1350&#8243; img_size=&#8221;medium&#8221; style=&#8221;vc_box_rounded&#8221; css_animation=&#8221;appear&#8221;][vc_text_separator title=&#8221;liegen bei uns im B\u00fcro auf&#8221; color=&#8221;pink&#8221;][vc_separator][\/vc_column][\/vc_row][vc_row][vc_column]<section class='section_space'>\r\n                    <div class='container'>\r\n                        <div class='blankspace' style='height:10pxpx;'><\/div>\r\n                    <\/div>\r\n                <\/section>[\/vc_column][\/vc_row][vc_row][vc_column width=&#8221;1\/4&#8243;][vc_text_separator title=&#8221;2 Passfotos f\u00fcr uns + 1 Passfoto f\u00fcr \u00e4rztl. Zeugnis&#8221; color=&#8221;pink&#8221;][vc_single_image image=&#8221;1351&#8243; img_size=&#8221;medium&#8221; alignment=&#8221;center&#8221; style=&#8221;vc_box_rounded&#8221; css_animation=&#8221;appear&#8221;][vc_separator][\/vc_column][vc_column width=&#8221;1\/4&#8243;][vc_text_separator title=&#8221;16,00 Euro Posteinzahlung f\u00fcr das telematische \u00c4rztliches Zeugnis&#8221; color=&#8221;pink&#8221;][vc_single_image image=&#8221;1350&#8243; img_size=&#8221;medium&#8221; alignment=&#8221;center&#8221; style=&#8221;vc_box_rounded&#8221; css_animation=&#8221;appear&#8221;][vc_separator][\/vc_column][vc_column width=&#8221;1\/4&#8243;][vc_text_separator title=&#8221;Kopie Aufenthaltsgenehmigung&#8221; color=&#8221;pink&#8221;][vc_single_image image=&#8221;1352&#8243; img_size=&#8221;medium&#8221; style=&#8221;vc_box_rounded&#8221; css_animation=&#8221;appear&#8221;][vc_text_separator title=&#8221;(nur bei Nicht-EU B\u00fcrgern)&#8221;][\/vc_column][vc_column width=&#8221;1\/4&#8243;][vc_text_separator title=&#8221;JETZT ANMELDEN&#8221; color=&#8221;pink&#8221;][vc_single_image image=&#8221;1237&#8243; alignment=&#8221;center&#8221; onclick=&#8221;custom_link&#8221; css_animation=&#8221;appear&#8221; link=&#8221;http:\/\/fahrschule-bruneck.it\/?page_id=9&amp;lang=de&#8221;][vc_separator][\/vc_column][\/vc_row]<\/p>\n<\/div>","protected":false},"excerpt":{"rendered":"<p>[vc_row][vc_column][rev_slider_vc alias=&#8221;slider1&#8243;][\/vc_column][\/vc_row][vc_row][vc_column][\/vc_column][\/vc_row][vc_row css=&#8221;.vc_custom_1605918908274{background-color: #ffffff !important;}&#8221;][vc_column css=&#8221;.vc_custom_1605918918904{background-color: #ffffff !important;}&#8221;][\/vc_column][\/vc_row][vc_row css=&#8221;.vc_custom_1605918926853{background-color: #ffffff !important;}&#8221;][vc_column width=&#8221;1\/4&#8243;][vc_text_separator title=&#8221;Kopie Ausweis&#8221; color=&#8221;pink&#8221;][vc_single_image image=&#8221;1405&#8243; img_size=&#8221;medium&#8221; alignment=&#8221;center&#8221; style=&#8221;vc_box_rounded&#8221; css_animation=&#8221;appear&#8221;][vc_separator][\/vc_column][vc_column width=&#8221;1\/4&#8243;][vc_text_separator title=&#8221;Kopie Steuernummer&#8221; color=&#8221;pink&#8221;][vc_single_image image=&#8221;1335&#8243; img_size=&#8221;medium&#8221; style=&#8221;vc_box_rounded&#8221; css_animation=&#8221;appear&#8221;][vc_separator][\/vc_column][vc_column width=&#8221;1\/4&#8243;][vc_text_separator title=&#8221;Telematisches \u00c4rztliches Zeugnis&#8221; color=&#8221;pink&#8221;][vc_single_image image=&#8221;2538&#8243; img_size=&#8221;medium&#8221; alignment=&#8221;center&#8221; style=&#8221;vc_box_rounded&#8221; css_animation=&#8221;appear&#8221;][vc_separator][\/vc_column][vc_column width=&#8221;1\/4&#8243;][vc_text_separator title=&#8221;4 Posteinzahlungen an das Schatzamt &#8211; Registergeb\u00fchr&#8221; color=&#8221;pink&#8221;][vc_single_image image=&#8221;1350&#8243; img_size=&#8221;medium&#8221; style=&#8221;vc_box_rounded&#8221; css_animation=&#8221;appear&#8221;][vc_text_separator title=&#8221;liegen bei uns im&#8230;<\/p>\n","protected":false},"author":1,"featured_media":0,"parent":0,"menu_order":0,"comment_status":"closed","ping_status":"closed","template":"","meta":{"footnotes":""},"class_list":["post-15","page","type-page","status-publish","hentry"],"_links":{"self":[{"href":"https:\/\/fahrschule-bruneck.it\/index.php?rest_route=\/wp\/v2\/pages\/15","targetHints":{"allow":["GET"]}}],"collection":[{"href":"https:\/\/fahrschule-bruneck.it\/index.php?rest_route=\/wp\/v2\/pages"}],"about":[{"href":"https:\/\/fahrschule-bruneck.it\/index.php?rest_route=\/wp\/v2\/types\/page"}],"author":[{"embeddable":true,"href":"https:\/\/fahrschule-bruneck.it\/index.php?rest_route=\/wp\/v2\/users\/1"}],"replies":[{"embeddable":true,"href":"https:\/\/fahrschule-bruneck.it\/index.php?rest_route=%2Fwp%2Fv2%2Fcomments&post=15"}],"version-history":[{"count":27,"href":"https:\/\/fahrschule-bruneck.it\/index.php?rest_route=\/wp\/v2\/pages\/15\/revisions"}],"predecessor-version":[{"id":3279,"href":"https:\/\/fahrschule-bruneck.it\/index.php?rest_route=\/wp\/v2\/pages\/15\/revisions\/3279"}],"wp:attachment":[{"href":"https:\/\/fahrschule-bruneck.it\/index.php?rest_route=%2Fwp%2Fv2%2Fmedia&parent=15"}],"curies":[{"name":"wp","href":"https:\/\/api.w.org\/{rel}","templated":true}]}}