{"id":1694,"date":"2015-12-08T15:38:27","date_gmt":"2015-12-08T15:38:27","guid":{"rendered":"http:\/\/s600511469.sito-web-online.it\/?page_id=1694"},"modified":"2020-11-22T09:49:20","modified_gmt":"2020-11-22T09:49:20","slug":"specials","status":"publish","type":"page","link":"https:\/\/fahrschule-bruneck.it\/?page_id=1694&lang=de","title":{"rendered":"Specials"},"content":{"rendered":"<div class=\"wpb-content-wrapper\"><p>[vc_row gap=&#8221;35&#8243; css=&#8221;.vc_custom_1605915574162{background-color: #000000 !important;}&#8221;][vc_column css=&#8221;.vc_custom_1605915638368{background-color: #000000 !important;}&#8221;][vc_column_text css=&#8221;.vc_custom_1605918619498{padding-top: 10px !important;padding-right: 10px !important;padding-bottom: 10px !important;padding-left: 10px !important;background-color: #000000 !important;border-radius: 20px !important;}&#8221;]<\/p>\n<h1 style=\"text-align: center;\"><span style=\"color: #ff6600;\"><span style=\"color: #ffffff;\">&#8230; Sie<\/span> <span style=\"color: #ff0000;\">brauchen<\/span> <span style=\"color: #ffffff;\">Hilfe ?<\/span> <span style=\"color: #ff0000;\">&#8211;<\/span> <span style=\"color: #ffffff;\">gemeinsam<\/span> <em><span style=\"color: #ff0000;\">helfen<\/span><span style=\"color: #ff0000;\">\u00a0wir<\/span>\u00a0<span style=\"color: #ffffff;\">gerne<\/span>\u00a0<\/em><span style=\"color: #ffffff;\">&#8230;<\/span><\/span><\/h1>\n<p>[\/vc_column_text][vc_column_text css=&#8221;.vc_custom_1605916277662{padding: 3px !important;background-color: #ffffff !important;}&#8221;][\/vc_column_text][vc_column_text css=&#8221;.vc_custom_1606038553099{background-color: #000000 !important;}&#8221;]<\/p>\n<h1 style=\"text-align: center;\"><span style=\"color: #ffffff;\">Dr. Karl Erlacher<\/span><\/h1>\n<h1 style=\"text-align: center;\"><span style=\"color: #ffffff;\">&#8211; Experte in allen Rechtsfragen betreffend der StVO &#8211;<\/span><\/h1>\n<p>[\/vc_column_text][vc_single_image image=&#8221;3065&#8243; img_size=&#8221;full&#8221; alignment=&#8221;center&#8221;][vc_column_text css=&#8221;.vc_custom_1605918663538{background-color: #000000 !important;}&#8221;]<\/p>\n<ul>\n<li><span style=\"color: #ffffff;\">Geboren am 24.11.1960 in Brenner, Abschluss am 12.07.2006 in Trento (Abschlussarbeit in Strafrecht bei Prof. Sergio Bonini).<\/span><\/li>\n<li><span style=\"color: #ffffff;\">Er praktizierte Forensik bei der Anwaltskanzlei Fava &amp; Partners in Bozen.<\/span><\/li>\n<li><span style=\"color: #ffffff;\">Er war von 1980 bis 2015 bei der Staatspolizei, mit Erfahrung als Kommissar des Flying Squad Bozen und als Kommandeur der Strassenpolizei Bruneck.<\/span><\/li>\n<li><span style=\"color: #ffffff;\">Er verf\u00fcgt \u00fcber Fachkenntnisse in Fragen der Stra\u00dfenverkehrsordnung (Verkehrsunf\u00e4lle, G\u00fcterverkehr, Ladungssicherheit, Fahren unter Alkohol- oder Drogeneinfluss, Aussetzung oder Entzug des F\u00fchrerscheins usw.) und im Bereich der Verwaltungspolizei (F\u00fchrerscheine) Waffenlizenz, Verweigerung, Widerruf, Aussetzung der Waffenlizenz f\u00fcr Jagd- oder Selbstverteidigungszwecke, Sprengstoff, Aufenthaltserlaubnis, Staatsb\u00fcrgerschaft, \u00f6ffentliche Einrichtungen, \u00f6ffentliche Veranstaltungen usw.).<\/span><\/li>\n<li><span style=\"color: #ffffff;\">Seit 2015 arbeitet er mit der Anwaltskanzlei Fava &amp; Partners zusammen.<\/span><\/li>\n<li><span style=\"color: #ffffff;\">Sprachen: Deutsch, Italienisch.<\/span><\/li>\n<\/ul>\n<p>[\/vc_column_text][\/vc_column][\/vc_row]<\/p>\n<\/div>","protected":false},"excerpt":{"rendered":"<p>[vc_row gap=&#8221;35&#8243; css=&#8221;.vc_custom_1605915574162{background-color: #000000 !important;}&#8221;][vc_column css=&#8221;.vc_custom_1605915638368{background-color: #000000 !important;}&#8221;][vc_column_text css=&#8221;.vc_custom_1605918619498{padding-top: 10px !important;padding-right: 10px !important;padding-bottom: 10px !important;padding-left: 10px !important;background-color: #000000 !important;border-radius: 20px !important;}&#8221;] &#8230; Sie brauchen Hilfe ? &#8211; gemeinsam helfen\u00a0wir\u00a0gerne\u00a0&#8230; [\/vc_column_text][vc_column_text css=&#8221;.vc_custom_1605916277662{padding: 3px !important;background-color: #ffffff !important;}&#8221;][\/vc_column_text][vc_column_text css=&#8221;.vc_custom_1606038553099{background-color: #000000 !important;}&#8221;] Dr. Karl Erlacher &#8211; Experte in allen Rechtsfragen betreffend der StVO &#8211; [\/vc_column_text][vc_single_image image=&#8221;3065&#8243; img_size=&#8221;full&#8221; alignment=&#8221;center&#8221;][vc_column_text css=&#8221;.vc_custom_1605918663538{background-color:&#8230;<\/p>\n","protected":false},"author":1,"featured_media":0,"parent":0,"menu_order":0,"comment_status":"closed","ping_status":"closed","template":"home-page.php","meta":{"footnotes":""},"class_list":["post-1694","page","type-page","status-publish","hentry"],"_links":{"self":[{"href":"https:\/\/fahrschule-bruneck.it\/index.php?rest_route=\/wp\/v2\/pages\/1694","targetHints":{"allow":["GET"]}}],"collection":[{"href":"https:\/\/fahrschule-bruneck.it\/index.php?rest_route=\/wp\/v2\/pages"}],"about":[{"href":"https:\/\/fahrschule-bruneck.it\/index.php?rest_route=\/wp\/v2\/types\/page"}],"author":[{"embeddable":true,"href":"https:\/\/fahrschule-bruneck.it\/index.php?rest_route=\/wp\/v2\/users\/1"}],"replies":[{"embeddable":true,"href":"https:\/\/fahrschule-bruneck.it\/index.php?rest_route=%2Fwp%2Fv2%2Fcomments&post=1694"}],"version-history":[{"count":86,"href":"https:\/\/fahrschule-bruneck.it\/index.php?rest_route=\/wp\/v2\/pages\/1694\/revisions"}],"predecessor-version":[{"id":3287,"href":"https:\/\/fahrschule-bruneck.it\/index.php?rest_route=\/wp\/v2\/pages\/1694\/revisions\/3287"}],"wp:attachment":[{"href":"https:\/\/fahrschule-bruneck.it\/index.php?rest_route=%2Fwp%2Fv2%2Fmedia&parent=1694"}],"curies":[{"name":"wp","href":"https:\/\/api.w.org\/{rel}","templated":true}]}}