{"id":1729,"date":"2015-12-08T16:11:55","date_gmt":"2015-12-08T16:11:55","guid":{"rendered":"http:\/\/s600511469.sito-web-online.it\/?page_id=1729"},"modified":"2020-11-14T15:29:41","modified_gmt":"2020-11-14T15:29:41","slug":"colofone","status":"publish","type":"page","link":"https:\/\/fahrschule-bruneck.it\/?page_id=1729&lang=it","title":{"rendered":"colofone"},"content":{"rendered":"<h1>impronta<\/h1>\n<p>secondo \u00a7 5 TMG:<\/p>\n<p>Autoscuola Tre Cime SRL<br \/>\nvia Roma 5<br \/>\n39031 Brunico<br \/>\nBZ &#8211; Italia<\/p>\n<h2>contatto:<\/h2>\n<table>\n<tbody>\n<tr>\n<td>telefono fisso:<\/td>\n<td>0474 55 50 50<\/td>\n<\/tr>\n<tr>\n<td>telefono mobile:<\/td>\n<td>392 9481939<\/td>\n<\/tr>\n<tr>\n<td>indirizzo mail:<\/td>\n<td>\n<table>\n<tbody>\n<tr>\n<td>info@fahrschuledreizinnen.it<\/td>\n<\/tr>\n<\/tbody>\n<\/table>\n<\/td>\n<\/tr>\n<tr>\n<td>indirizzo PEC:<\/td>\n<td>fahrschuledreizinnen@secure-pec.it<\/td>\n<\/tr>\n<\/tbody>\n<\/table>\n<h2><strong>codice per fatturazione elettronica:<\/strong><\/h2>\n<p>P62QHVQ<\/p>\n<h2>partita iva:<\/h2>\n<p>indennit\u00e1 professionisti e lavoratori con rapporti di collaborazione coordinata e continuativa Art. 27<br \/>\n01459510218<\/p>\n<h2>responsabile per il contenuto secondo \u00a7 55 Abs. 2 RStV:<\/h2>\n<p>Autoscuola Tre Cime SRL<\/p>\n<p>fonte: <i><a href=\"http:\/\/fahrschule-bruneck.it\/\">eRecht24<\/a>, Rechtsanwalt f\u00fcr Internetrecht S\u00f6ren Siebert<\/i><\/p>\n<h2>Esclusione di responsabilit\u00e0:<\/h2>\n<p><strong>Dichiarazione sulla protezione dei dati per l&#8217;utilizzo di Google Analytics<\/strong><\/p>\n<p>Questo sito web utilizza Google Analytics, un servizio di analisi web di Google Inc. (&#8220;Google&#8221;). Google Analytics utilizza i cosiddetti &#8220;cookie&#8221;, file di testo che vengono memorizzati sul tuo computer e che consentono di analizzare il tuo utilizzo del sito web. Le informazioni generate dal cookie sull&#8217;utilizzo di questo sito Web vengono solitamente trasferite a un server di Google negli Stati Uniti e ivi memorizzate. Tuttavia, se l&#8217;anonimizzazione IP \u00e8 attivata su questo sito Web, il tuo indirizzo IP verr\u00e0 preventivamente abbreviato da Google all&#8217;interno degli stati membri dell&#8217;Unione Europea o in altri stati contraenti dell&#8217;Accordo sullo Spazio economico europeo.<\/p>\n<p>Solo in casi eccezionali l&#8217;indirizzo IP completo viene trasmesso a un server di Google negli USA e l\u00ec abbreviato. Per conto dell&#8217;operatore di questo sito Web, Google utilizzer\u00e0 queste informazioni per valutare l&#8217;utilizzo del sito Web, compilare report sulle attivit\u00e0 del sito Web e fornire all&#8217;operatore del sito Web altri servizi relativi alle attivit\u00e0 del sito Web e all&#8217;utilizzo di Internet. L&#8217;indirizzo IP trasmesso dal tuo browser come parte di Google Analytics non verr\u00e0 unito ad altri dati di Google.<\/p>\n<p>\u00c8 possibile impedire la memorizzazione dei cookie impostando di conseguenza il software del browser; tuttavia, vorremmo sottolineare che in questo caso potresti non essere in grado di utilizzare tutte le funzioni di questo sito web nella loro piena estensione. Puoi inoltre impedire a Google di raccogliere i dati generati dal cookie e relativi al tuo utilizzo del sito web (compreso il tuo indirizzo IP) e di elaborare questi dati da parte di Google scaricando il plug-in del browser disponibile al seguente link e installa: http:\/\/tools.google.com\/dlpage\/gaoptout?hl=de.<\/p>\n<p><strong>Dichiarazione sulla protezione dei dati per l&#8217;utilizzo di Google Adsense<\/strong><\/p>\n<p>Questo sito web utilizza Google AdSense, un servizio per l&#8217;integrazione di annunci di Google Inc. (&#8220;Google&#8221;). Google AdSense utilizza i cosiddetti &#8220;cookie&#8221;, file di testo che vengono memorizzati sul tuo computer e che consentono un&#8217;analisi dell&#8217;utilizzo del sito web. Google AdSense utilizza anche i cosiddetti web beacon (grafica invisibile). Questi web beacon possono essere utilizzati per valutare informazioni come il traffico dei visitatori su queste pagine.<\/p>\n<p>Le informazioni generate dai cookie e dai web beacon sull&#8217;utilizzo di questo sito Web (compreso il vostro indirizzo IP) e sulla fornitura di formati pubblicitari vengono trasmesse a un server di Google negli Stati Uniti e ivi memorizzate. Queste informazioni possono essere trasmesse da Google ai partner contrattuali di Google. Tuttavia, Google non unir\u00e0 il tuo indirizzo IP con altri dati memorizzati su di te.<\/p>\n<p>\u00c8 possibile impedire l&#8217;installazione dei cookie impostando di conseguenza il software del browser; tuttavia, vorremmo sottolineare che in questo caso potresti non essere in grado di utilizzare tutte le funzioni di questo sito web nella loro piena estensione. Utilizzando questo sito Web, dichiari di accettare il trattamento dei dati raccolti su di te da Google nel modo sopra descritto e per lo scopo sopra indicato.<\/p>\n<p><strong>Dichiarazione sulla protezione dei dati per l&#8217;uso di Google +1<\/strong><\/p>\n<p>Raccolta e diffusione delle informazioni:<br \/>\nPuoi pubblicare informazioni in tutto il mondo utilizzando il pulsante Google +1. Tu e altri utenti ricevete contenuti personalizzati da Google e dai nostri partner tramite il pulsante Google +1. Google salva sia le informazioni a cui hai assegnato +1 per il contenuto sia le informazioni sulla pagina che hai visualizzato quando hai fatto clic su +1. Il tuo +1 pu\u00f2 essere mostrato come suggerimento insieme al nome del tuo profilo e alla foto nei servizi Google, come nei risultati di ricerca o nel tuo profilo Google, o in altri luoghi su siti web e annunci pubblicitari su Internet.<br \/>\nGoogle registra le informazioni sulle tue attivit\u00e0 +1 al fine di migliorare i servizi Google per te e gli altri. Per poter utilizzare il pulsante Google +1, \u00e8 necessario un profilo Google pubblico visibile a livello globale che deve contenere almeno il nome scelto per il profilo. Questo nome viene utilizzato in tutti i servizi Google. In alcuni casi, questo nome pu\u00f2 anche sostituire un altro nome che hai utilizzato durante la condivisione di contenuti tramite il tuo account Google. L&#8217;identit\u00e0 del tuo profilo Google pu\u00f2 essere mostrata agli utenti che conoscono il tuo indirizzo e-mail o hanno altre informazioni identificative su di te.<\/p>\n<p>Utilizzo delle informazioni raccolte:<br \/>\nOltre agli scopi sopra indicati, le informazioni fornite verranno utilizzate in conformit\u00e0 con le disposizioni applicabili in materia di protezione dei dati di Google. Google pu\u00f2 pubblicare statistiche riepilogative sulle attivit\u00e0 +1 degli utenti o trasmetterle a utenti e partner, come editori, inserzionisti o siti Web collegati.<\/p>\n<p>Fonte di riferimento: dichiarazione sulla protezione dei dati di Google Analytics, dichiarazione sulla protezione dei dati di Google Adsense, dichiarazione sulla protezione dei dati di Google +1<\/p>\n<p>&nbsp;<\/p>\n","protected":false},"excerpt":{"rendered":"<p>impronta secondo \u00a7 5 TMG: Autoscuola Tre Cime SRL via Roma 5 39031 Brunico BZ &#8211; Italia contatto: telefono fisso: 0474 55 50 50 telefono mobile: 392 9481939 indirizzo mail: info@fahrschuledreizinnen.it indirizzo PEC: fahrschuledreizinnen@secure-pec.it codice per fatturazione elettronica: P62QHVQ partita iva: indennit\u00e1 professionisti e lavoratori con rapporti di collaborazione coordinata e continuativa Art. 27 01459510218&#8230;<\/p>\n","protected":false},"author":1,"featured_media":0,"parent":0,"menu_order":0,"comment_status":"closed","ping_status":"closed","template":"","meta":{"footnotes":""},"class_list":["post-1729","page","type-page","status-publish","hentry"],"_links":{"self":[{"href":"https:\/\/fahrschule-bruneck.it\/index.php?rest_route=\/wp\/v2\/pages\/1729","targetHints":{"allow":["GET"]}}],"collection":[{"href":"https:\/\/fahrschule-bruneck.it\/index.php?rest_route=\/wp\/v2\/pages"}],"about":[{"href":"https:\/\/fahrschule-bruneck.it\/index.php?rest_route=\/wp\/v2\/types\/page"}],"author":[{"embeddable":true,"href":"https:\/\/fahrschule-bruneck.it\/index.php?rest_route=\/wp\/v2\/users\/1"}],"replies":[{"embeddable":true,"href":"https:\/\/fahrschule-bruneck.it\/index.php?rest_route=%2Fwp%2Fv2%2Fcomments&post=1729"}],"version-history":[{"count":10,"href":"https:\/\/fahrschule-bruneck.it\/index.php?rest_route=\/wp\/v2\/pages\/1729\/revisions"}],"predecessor-version":[{"id":2870,"href":"https:\/\/fahrschule-bruneck.it\/index.php?rest_route=\/wp\/v2\/pages\/1729\/revisions\/2870"}],"wp:attachment":[{"href":"https:\/\/fahrschule-bruneck.it\/index.php?rest_route=%2Fwp%2Fv2%2Fmedia&parent=1729"}],"curies":[{"name":"wp","href":"https:\/\/api.w.org\/{rel}","templated":true}]}}