{"id":1753,"date":"2015-12-08T16:28:10","date_gmt":"2015-12-08T16:28:10","guid":{"rendered":"http:\/\/s600511469.sito-web-online.it\/?page_id=1753"},"modified":"2020-11-13T15:41:05","modified_gmt":"2020-11-13T15:41:05","slug":"nostre-scuole","status":"publish","type":"page","link":"https:\/\/fahrschule-bruneck.it\/?page_id=1753&lang=it","title":{"rendered":"nostre scuole"},"content":{"rendered":"<div class=\"wpb-content-wrapper\"><p>[vc_row][vc_column][vc_facebook][orane_features_vertical title=&#8221;Warum |WIR ?|&#8221; details=&#8221;&#8230;weil wir einfach um Klassen besser sind!&#8221; image=&#8221;2078&#8243;][orane_single_feature_vertical title=&#8221;Ausbildungsqualit\u00e4t&#8221; feature_icon=&#8221;youtube-square&#8221; details=&#8221;An 1. Stelle steht f\u00fcr uns die Qualit\u00e4t der Ausbildung unserer Sch\u00fcler!&#8221;][orane_single_feature_vertical title=&#8221;Optimale Ausbildung&#8221; feature_icon=&#8221;youtube-square&#8221; details=&#8221;Wir wollen unseren Sch\u00fclern &amp; Sch\u00fclerinnen eine gute, umfassende und optimale Ausbildung in allen F\u00fchrerscheinklassen vermitteln.&#8221;][orane_single_feature_vertical title=&#8221;Unser Anliegen!&#8221; feature_icon=&#8221;youtube-square&#8221; details=&#8221;Durch eine gute Ausbildung wollen wir schwere Unf\u00e4lle auf den Stra\u00dfen reduzieren.&#8221;][orane_single_feature_vertical title=&#8221;Wirtschaftlichkeit&#8221; feature_icon=&#8221;youtube-square&#8221; details=&#8221;Durch die Veitervermittlung der richtigen Fahrweise an unsere Sch\u00fcler wollen wir deren Folgereparaturkosten minnimieren.&#8221;][orane_single_feature_vertical title=&#8221;Individueller Theorieunterricht&#8221; feature_icon=&#8221;youtube-square&#8221; details=&#8221;Wir sind flexibel. Wir richten unseren Unterricht nach dir und deinen Fortschritten aus!&#8221;][orane_single_feature_vertical title=&#8221;Privatstunden Theorieunterricht&#8221; feature_icon=&#8221;&#8221; details=&#8221;Wir erm\u00f6glichen auch Privatunterricht! Frag einfach unkompliziert bei uns an!&#8221;][\/orane_features_vertical][vc_separator][\/vc_column][\/vc_row][vc_row][vc_column]<section class='section_space'>\r\n                    <div class='container'>\r\n                        <div class='blankspace' style='height:30px;'><\/div>\r\n                    <\/div>\r\n                <\/section>[\/vc_column][\/vc_row][vc_row][vc_column width=&#8221;1\/2&#8243;][vc_btn title=&#8221;Brunico&#8221; size=&#8221;lg&#8221; align=&#8221;center&#8221; link=&#8221;url:http%3A%2F%2Ffahrschule-bruneck.it%2Fde%2Funsere-fahrschulen%2Fbruneck||&#8221;][\/vc_column][vc_column width=&#8221;1\/2&#8243;][vc_btn title=&#8221;Campo Tures&#8221; size=&#8221;lg&#8221; align=&#8221;center&#8221; link=&#8221;url:http%3A%2F%2Ffahrschule-bruneck.it%2Fde%2Funsere-fahrschulen%2Fsand-in-taufers||&#8221;][\/vc_column][\/vc_row][vc_row][vc_column]<section class='section_space'>\r\n                    <div class='container'>\r\n                        <div class='blankspace' style='height:30px;'><\/div>\r\n                    <\/div>\r\n                <\/section><section class='section_space'>\r\n                    <div class='container'>\r\n                        <div class='blankspace' style='height:30px;'><\/div>\r\n                    <\/div>\r\n                <\/section>[vc_single_image image=&#8221;1898&#8243; img_size=&#8221;full&#8221; alignment=&#8221;center&#8221; css_animation=&#8221;top-to-bottom&#8221;]<section class='section_space'>\r\n                    <div class='container'>\r\n                        <div class='blankspace' style='height:30px;'><\/div>\r\n                    <\/div>\r\n                <\/section>[\/vc_column][\/vc_row]<\/p>\n<\/div>","protected":false},"excerpt":{"rendered":"<p>[vc_row][vc_column][vc_facebook][orane_features_vertical title=&#8221;Warum |WIR ?|&#8221; details=&#8221;&#8230;weil wir einfach um Klassen besser sind!&#8221; image=&#8221;2078&#8243;][orane_single_feature_vertical title=&#8221;Ausbildungsqualit\u00e4t&#8221; feature_icon=&#8221;youtube-square&#8221; details=&#8221;An 1. Stelle steht f\u00fcr uns die Qualit\u00e4t der Ausbildung unserer Sch\u00fcler!&#8221;][orane_single_feature_vertical title=&#8221;Optimale Ausbildung&#8221; feature_icon=&#8221;youtube-square&#8221; details=&#8221;Wir wollen unseren Sch\u00fclern &amp; Sch\u00fclerinnen eine gute, umfassende und optimale Ausbildung in allen F\u00fchrerscheinklassen vermitteln.&#8221;][orane_single_feature_vertical title=&#8221;Unser Anliegen!&#8221; feature_icon=&#8221;youtube-square&#8221; details=&#8221;Durch eine gute Ausbildung wollen wir schwere&#8230;<\/p>\n","protected":false},"author":1,"featured_media":0,"parent":0,"menu_order":0,"comment_status":"closed","ping_status":"closed","template":"","meta":{"footnotes":""},"class_list":["post-1753","page","type-page","status-publish","hentry"],"_links":{"self":[{"href":"https:\/\/fahrschule-bruneck.it\/index.php?rest_route=\/wp\/v2\/pages\/1753","targetHints":{"allow":["GET"]}}],"collection":[{"href":"https:\/\/fahrschule-bruneck.it\/index.php?rest_route=\/wp\/v2\/pages"}],"about":[{"href":"https:\/\/fahrschule-bruneck.it\/index.php?rest_route=\/wp\/v2\/types\/page"}],"author":[{"embeddable":true,"href":"https:\/\/fahrschule-bruneck.it\/index.php?rest_route=\/wp\/v2\/users\/1"}],"replies":[{"embeddable":true,"href":"https:\/\/fahrschule-bruneck.it\/index.php?rest_route=%2Fwp%2Fv2%2Fcomments&post=1753"}],"version-history":[{"count":6,"href":"https:\/\/fahrschule-bruneck.it\/index.php?rest_route=\/wp\/v2\/pages\/1753\/revisions"}],"predecessor-version":[{"id":2741,"href":"https:\/\/fahrschule-bruneck.it\/index.php?rest_route=\/wp\/v2\/pages\/1753\/revisions\/2741"}],"wp:attachment":[{"href":"https:\/\/fahrschule-bruneck.it\/index.php?rest_route=%2Fwp%2Fv2%2Fmedia&parent=1753"}],"curies":[{"name":"wp","href":"https:\/\/api.w.org\/{rel}","templated":true}]}}