{"id":1755,"date":"2015-12-08T16:28:59","date_gmt":"2015-12-08T16:28:59","guid":{"rendered":"http:\/\/s600511469.sito-web-online.it\/?page_id=1755"},"modified":"2020-11-22T12:08:55","modified_gmt":"2020-11-22T12:08:55","slug":"brunico","status":"publish","type":"page","link":"https:\/\/fahrschule-bruneck.it\/?page_id=1755&lang=it","title":{"rendered":"Brunico"},"content":{"rendered":"<div class=\"wpb-content-wrapper\"><p>[vc_row css=&#8221;.vc_custom_1606045885164{background-color: #000000 !important;}&#8221;][vc_column width=&#8221;2\/3&#8243; css=&#8221;.vc_custom_1606045862699{background-color: #000000 !important;}&#8221;][vc_single_image image=&#8221;1303&#8243; img_size=&#8221;large&#8221; alignment=&#8221;center&#8221; css_animation=&#8221;appear&#8221;][vc_media_grid grid_id=&#8221;vc_gid:1606046872705-667bd431-fd42-2&#8243; include=&#8221;996,998,1031&#8243;][vc_empty_space css=&#8221;.vc_custom_1606046830068{padding: 238px !important;background-color: #000000 !important;}&#8221;][\/vc_column][vc_column width=&#8221;1\/3&#8243; css=&#8221;.vc_custom_1606046331298{background-color: #000000 !important;}&#8221;][vc_column_text css_animation=&#8221;top-to-bottom&#8221; css=&#8221;.vc_custom_1606045986535{background-color: #000000 !important;}&#8221;]<\/p>\n<p style=\"padding-left: 30px;\"><span style=\"color: #ffffff;\"><strong><span style=\"font-family: Arial;\"><span class=\"style10\">filiale Brunico (<em>sede principale<\/em>)<\/span><\/span><\/strong><\/span><\/p>\n<p style=\"padding-left: 30px;\"><span style=\"color: #ffffff;\"><strong><span class=\"style10\"><span style=\"font-family: Arial;\">via Roma 5<br \/>\n39031 Brunico (BZ)<br \/>\n<\/span><\/span>(vicino al Caff\u00e8<\/strong><span class=\"style10\"><strong><span style=\"font-family: Arial;\"><strong>\u00a0City Caf\u00e9<\/strong>)<\/span><\/strong><\/span><\/span><\/p>\n<p style=\"padding-left: 30px;\"><strong><span style=\"font-family: Arial;\"><u><span style=\"color: #ff0000;\"><span class=\"style15\">orari di apertura:<\/span><\/span><\/u><\/span><\/strong><\/p>\n<p style=\"padding-left: 30px;\"><span style=\"color: #ffffff;\">luned\u00ed &#8211; venerd\u00ec:<\/span><br \/>\n<span style=\"color: #ffffff;\">dalle ore 09.00 alle ore 12:00<\/span><br \/>\n<span style=\"color: #ffffff;\">dalle ore 13:30 alle ore 19:00<\/span><\/p>\n<p style=\"padding-left: 30px;\"><strong><span style=\"font-family: Arial;\"><u><span style=\"color: #ff0000;\"><span class=\"style15\">ufficio (segretaria capo Stauder Stefanie):<\/span><br \/>\n<\/span><\/u><span style=\"color: #ffffff;\">tel. fisso: 0474 55 50 50 &#8211;<\/span><span style=\"color: #ff0000;\"> ufficio<\/span><\/span><\/strong><\/p>\n<p style=\"padding-left: 30px;\"><strong><span style=\"color: #ffffff;\">tel. mobile: 3929481939 &#8211;<\/span> <span style=\"color: #ff0000;\">ufficio<\/span><\/strong><\/p>\n<p style=\"padding-left: 30px;\"><strong><span style=\"font-family: Arial;\"><span style=\"font-family: Arial;\"><span style=\"color: #ffffff;\">tel. mobile: 366 36 14 177 &#8211; Jungmann Hannes &#8211;<\/span> <span style=\"color: #ff0000;\">responsabile legale<\/span><\/span><br \/>\n<span style=\"color: #ffffff;\">tel. mobile: 349 22 06 799 &#8211; Jungmann Paul &#8211;<\/span> <span style=\"color: #ff0000;\">socio<\/span><br \/>\n<span style=\"color: #ffffff;\">tel. mobile: 340 91 50 709 &#8211; Putzer Raimund &#8211;<\/span> <span style=\"color: #ff0000;\">insegnante e istruttore scuola guida<\/span><\/span><\/strong><\/p>\n<p>[\/vc_column_text][vc_empty_space][\/vc_column][\/vc_row][vc_row css=&#8221;.vc_custom_1606046932851{padding: 0px !important;background-color: #000000 !important;}&#8221;][vc_column width=&#8221;1\/3&#8243; css=&#8221;.vc_custom_1606046195535{background-color: #000000 !important;}&#8221;][vc_gmaps link=&#8221;#E-8_JTNDaWZyYW1lJTIwc3JjJTNEJTIyaHR0cHMlM0ElMkYlMkZ3d3cuZ29vZ2xlLmNvbSUyRm1hcHMlMkZlbWJlZCUzRnBiJTNEJTIxMW0xOCUyMTFtMTIlMjExbTMlMjExZDI3MzEuNDU0NTg1OTI2OTQzJTIxMmQxMS45MzA3NTAzMTU1OTk4NSUyMTNkNDYuNzk1MzUwNjUxNjU2NTMlMjEybTMlMjExZjAlMjEyZjAlMjEzZjAlMjEzbTIlMjExaTEwMjQlMjEyaTc2OCUyMTRmMTMuMSUyMTNtMyUyMTFtMiUyMTFzMHg0Nzc4MjAyZjg4NjZjM2ExJTI1M0EweDVkZGVmMzNmMGEwZjU4NDElMjEyc1JvbXN0cmElMjVDMyUyNTlGZSUyNTJDJTJCNSUyNTJDJTJCMzkwMzElMkJCcnVuZWNrJTI1MkMlMkJCb3plbiUyMTVlMCUyMTNtMiUyMTFzZGUlMjEyc2l0JTIxNHYxNDQ3ODU0ODgyODIxJTIyJTIwd2lkdGglM0QlMjI2MDAlMjIlMjBoZWlnaHQlM0QlMjI0NTAlMjIlMjBmcmFtZWJvcmRlciUzRCUyMjAlMjIlMjBzdHlsZSUzRCUyMmJvcmRlciUzQTAlMjIlMjBhbGxvd2Z1bGxzY3JlZW4lM0UlM0MlMkZpZnJhbWUlM0U=&#8221;][\/vc_column][\/vc_row]<\/p>\n<\/div>","protected":false},"excerpt":{"rendered":"<p>[vc_row css=&#8221;.vc_custom_1606045885164{background-color: #000000 !important;}&#8221;][vc_column width=&#8221;2\/3&#8243; css=&#8221;.vc_custom_1606045862699{background-color: #000000 !important;}&#8221;][vc_single_image image=&#8221;1303&#8243; img_size=&#8221;large&#8221; alignment=&#8221;center&#8221; css_animation=&#8221;appear&#8221;][vc_media_grid grid_id=&#8221;vc_gid:1606046872705-667bd431-fd42-2&#8243; include=&#8221;996,998,1031&#8243;][vc_empty_space css=&#8221;.vc_custom_1606046830068{padding: 238px !important;background-color: #000000 !important;}&#8221;][\/vc_column][vc_column width=&#8221;1\/3&#8243; css=&#8221;.vc_custom_1606046331298{background-color: #000000 !important;}&#8221;][vc_column_text css_animation=&#8221;top-to-bottom&#8221; css=&#8221;.vc_custom_1606045986535{background-color: #000000 !important;}&#8221;] filiale Brunico (sede principale) via Roma 5 39031 Brunico (BZ) (vicino al Caff\u00e8\u00a0City Caf\u00e9) orari di apertura: luned\u00ed &#8211; venerd\u00ec: dalle ore 09.00 alle ore 12:00 dalle ore&#8230;<\/p>\n","protected":false},"author":1,"featured_media":0,"parent":1753,"menu_order":0,"comment_status":"closed","ping_status":"closed","template":"","meta":{"footnotes":""},"class_list":["post-1755","page","type-page","status-publish","hentry"],"_links":{"self":[{"href":"https:\/\/fahrschule-bruneck.it\/index.php?rest_route=\/wp\/v2\/pages\/1755","targetHints":{"allow":["GET"]}}],"collection":[{"href":"https:\/\/fahrschule-bruneck.it\/index.php?rest_route=\/wp\/v2\/pages"}],"about":[{"href":"https:\/\/fahrschule-bruneck.it\/index.php?rest_route=\/wp\/v2\/types\/page"}],"author":[{"embeddable":true,"href":"https:\/\/fahrschule-bruneck.it\/index.php?rest_route=\/wp\/v2\/users\/1"}],"replies":[{"embeddable":true,"href":"https:\/\/fahrschule-bruneck.it\/index.php?rest_route=%2Fwp%2Fv2%2Fcomments&post=1755"}],"version-history":[{"count":22,"href":"https:\/\/fahrschule-bruneck.it\/index.php?rest_route=\/wp\/v2\/pages\/1755\/revisions"}],"predecessor-version":[{"id":3335,"href":"https:\/\/fahrschule-bruneck.it\/index.php?rest_route=\/wp\/v2\/pages\/1755\/revisions\/3335"}],"up":[{"embeddable":true,"href":"https:\/\/fahrschule-bruneck.it\/index.php?rest_route=\/wp\/v2\/pages\/1753"}],"wp:attachment":[{"href":"https:\/\/fahrschule-bruneck.it\/index.php?rest_route=%2Fwp%2Fv2%2Fmedia&parent=1755"}],"curies":[{"name":"wp","href":"https:\/\/api.w.org\/{rel}","templated":true}]}}