{"id":23,"date":"2015-11-17T07:31:19","date_gmt":"2015-11-17T07:31:19","guid":{"rendered":"http:\/\/s600511469.sito-web-online.it\/?page_id=23"},"modified":"2020-11-13T14:56:22","modified_gmt":"2020-11-13T14:56:22","slug":"infos","status":"publish","type":"page","link":"https:\/\/fahrschule-bruneck.it\/?page_id=23&lang=de","title":{"rendered":"Infos"},"content":{"rendered":"<div class=\"wpb-content-wrapper\"><p>[vc_row][vc_column][orane_faqs][orane_single_faq title=&#8221;Ein guter Rat von uns!&#8221;]Spar nicht zu viel bei deinem Motorrad- oder Autof\u00fchrerschein. Die Folgen waren bisher f\u00fcr manche verheerend, deshalb k\u00f6nnte es auch dich treffen.[\/orane_single_faq][orane_single_faq title=&#8221;Tatsache ist&#8230;.&#8221;]Viele Menschen haben aufgrund ihrer miserablen theoretischen Kenntnisse und schlechten Fahrausbildung mit Ihrem Auto bereits ihr Leben verloren oder befinden sich heute als Unfallgesch\u00e4digte in einem Rollstuhl.[\/orane_single_faq][orane_single_faq title=&#8221;Eine gute Ausbildung ! Warum so wichtig?&#8221;]Eine gute Ausbildung war schon jeher immer eine gute Investition und kostet meistens viel weniger als die tats\u00e4chlichen Endkosten bei Billiganbietern, bei denen du zu allerletzt, wie wir oft h\u00f6ren, viel mehr bezahlst, als vorab vereinbart worden ist. Durch gute Ausbildung werden Folgereparaturkosten minimiert, was einen nicht zu vernachl\u00e4ssigenden finanziellen Aspekt f\u00fcr das zuk\u00fcnftige Leben darstellt. Unn\u00f6tige Reparaturen kosten sehr viel Geld, wogegen die F\u00fchrerscheinkosten winzig erscheinen.[\/orane_single_faq][orane_single_faq title=&#8221;Warum locken manche Konkurrenten mit Billigangeboten, die zu guter Letzt gar keine Billigangebote mehr sind?!?!?!&#8221;]Weil manche von ihnen Angst haben, dass sie sonst aufgrund ihrer Leistungen und ihres Namens keine Fahrsch\u00fcler bekommen. H\u00e4nde weg von solchen Machenschaften. Qualit\u00e4t hat seinen Preis![\/orane_single_faq][orane_single_faq title=&#8221;Ein Gedanke zum Beachten&#8221;]Sp\u00e4ter im Leben f\u00e4hrst du sicher auch in Gro\u00dfst\u00e4dten wie Innsbruck, Mailand oder M\u00fcnchen. Was n\u00fctzt dir der billige F\u00fchrerschein, wenn du in diesem Gro\u00dfstadtverkehr \u00fcberhaupt nicht zurechtkommst?[\/orane_single_faq][orane_single_faq title=&#8221;An die Eltern!&#8221;]Bitte denkt an eure Kinder und investiert euer Geld gezielt in Qualit\u00e4t und sch\u00fctzt somit das Leben eurer Liebsten.[\/orane_single_faq][\/orane_faqs][\/vc_column][\/vc_row][vc_row][vc_column][vc_single_image image=&#8221;1060&#8243; img_size=&#8221;full&#8221; alignment=&#8221;center&#8221; css_animation=&#8221;bottom-to-top&#8221; title=&#8221;&#8230;denn es kann jeden treffen!&#8221;][\/vc_column][\/vc_row]<\/p>\n<\/div>","protected":false},"excerpt":{"rendered":"<p>[vc_row][vc_column][orane_faqs][orane_single_faq title=&#8221;Ein guter Rat von uns!&#8221;]Spar nicht zu viel bei deinem Motorrad- oder Autof\u00fchrerschein. Die Folgen waren bisher f\u00fcr manche verheerend, deshalb k\u00f6nnte es auch dich treffen.[\/orane_single_faq][orane_single_faq title=&#8221;Tatsache ist&#8230;.&#8221;]Viele Menschen haben aufgrund ihrer miserablen theoretischen Kenntnisse und schlechten Fahrausbildung mit Ihrem Auto bereits ihr Leben verloren oder befinden sich heute als Unfallgesch\u00e4digte in einem Rollstuhl.[\/orane_single_faq][orane_single_faq&#8230;<\/p>\n","protected":false},"author":1,"featured_media":0,"parent":0,"menu_order":0,"comment_status":"closed","ping_status":"closed","template":"","meta":{"footnotes":""},"class_list":["post-23","page","type-page","status-publish","hentry"],"_links":{"self":[{"href":"https:\/\/fahrschule-bruneck.it\/index.php?rest_route=\/wp\/v2\/pages\/23","targetHints":{"allow":["GET"]}}],"collection":[{"href":"https:\/\/fahrschule-bruneck.it\/index.php?rest_route=\/wp\/v2\/pages"}],"about":[{"href":"https:\/\/fahrschule-bruneck.it\/index.php?rest_route=\/wp\/v2\/types\/page"}],"author":[{"embeddable":true,"href":"https:\/\/fahrschule-bruneck.it\/index.php?rest_route=\/wp\/v2\/users\/1"}],"replies":[{"embeddable":true,"href":"https:\/\/fahrschule-bruneck.it\/index.php?rest_route=%2Fwp%2Fv2%2Fcomments&post=23"}],"version-history":[{"count":14,"href":"https:\/\/fahrschule-bruneck.it\/index.php?rest_route=\/wp\/v2\/pages\/23\/revisions"}],"predecessor-version":[{"id":1886,"href":"https:\/\/fahrschule-bruneck.it\/index.php?rest_route=\/wp\/v2\/pages\/23\/revisions\/1886"}],"wp:attachment":[{"href":"https:\/\/fahrschule-bruneck.it\/index.php?rest_route=%2Fwp%2Fv2%2Fmedia&parent=23"}],"curies":[{"name":"wp","href":"https:\/\/api.w.org\/{rel}","templated":true}]}}