{"id":981,"date":"2015-11-18T08:42:39","date_gmt":"2015-11-18T08:42:39","guid":{"rendered":"http:\/\/s600511469.sito-web-online.it\/?page_id=981"},"modified":"2021-03-26T13:23:06","modified_gmt":"2021-03-26T13:23:06","slug":"startseite","status":"publish","type":"page","link":"https:\/\/fahrschule-bruneck.it\/?page_id=981&lang=de","title":{"rendered":"Startseite"},"content":{"rendered":"<div class=\"wpb-content-wrapper\"><p>[vc_row][vc_column][rev_slider_vc alias=&#8221;slider1&#8243;][\/vc_column][\/vc_row][vc_row][vc_column]<section class='hero-section'>\r\n                  <div class='container'>\r\n                    <div class='col-md-9'>\r\n                      <h2>...einfach um <b>KLASSEN <\/b>besser...<\/h2>\r\n                      <p>``Wir sind fair und finden f\u00fcr jeden die individuell beste L\u00f6sung - daf\u00fcr stehe ich mit meinem Namen.`` Hannes Jungmann<\/p>\r\n                    <\/div>\r\n                    \r\n                    <div class='col-md-3 stars'>\r\n                      <a href='#'><i class='fa fa-star fa-2x wow zoomIn' data-wow-duration='1s' data-wow-delay='0s'><\/i><\/a>\r\n                      <a href='#'><i class='fa fa-star fa-2x wow zoomIn' data-wow-duration='1s' data-wow-delay='.2s'><\/i><\/a>\r\n                      <a href='#'><i class='fa fa-star fa-2x wow zoomIn' data-wow-duration='1s' data-wow-delay='.4s'><\/i><\/a>\r\n                      <a href='#'><i class='fa fa-star fa-2x wow zoomIn' data-wow-duration='1s' data-wow-delay='.6s'><\/i><\/a>\r\n                      <a href='#'><i class='fa fa-star fa-2x wow zoomIn' data-wow-duration='1s' data-wow-delay='.8s'><\/i><\/a>\r\n                    <\/div>\r\n                  <\/div>\r\n                <\/section>[\/vc_column][\/vc_row][vc_row][vc_column offset=&#8221;vc_hidden-xs&#8221;][orane_3dtest][orane_single_3dtest name=&#8221;Jungmann Hannes&#8221; company=&#8221;Tel: 366 36 14 177&#8243; position=&#8221;Gesch\u00e4ftsf\u00fchrer&#8221; image=&#8221;1102&#8243; link=&#8221;url:http%3A%2F%2Ffahrschule-bruneck.it%2Fde%2Fkontakt||&#8221;]Theorie- und Fahrlehrer[\/orane_single_3dtest][orane_single_3dtest name=&#8221;Jungmann Paul&#8221; company=&#8221;Tel: 349 22 06 799&#8243; position=&#8221;Gesellschafter&#8221; image=&#8221;57&#8243; link=&#8221;url:http%3A%2F%2Ffahrschule-bruneck.it%2Fde%2Fkontakt||&#8221;]Theorie- und Fahrlehrer[\/orane_single_3dtest][orane_single_3dtest name=&#8221;Giuseppe Porcelli&#8221; company=&#8221;Tel: 0474 555 050&#8243; position=&#8221;Cat. AM &#8211; A &#8211; B &#8211; BE &#8211; C &#8211; CE &#8211; D &#8211; DE&#8221; image=&#8221;3498&#8243; link=&#8221;url:http%3A%2F%2Ffahrschule-bruneck.it%2Fde%2Fkontakt||&#8221;]Fahrlehrer[\/orane_single_3dtest][orane_single_3dtest name=&#8221;Putzer Raimund&#8221; company=&#8221;Tel: 0474 555050&#8243; position=&#8221;Mitarbeiter&#8221; image=&#8221;2580&#8243; link=&#8221;url:http%3A%2F%2Ffahrschule-bruneck.it%2Fde%2Fkontakt||&#8221;]Theorie- und Fahrlehrer[\/orane_single_3dtest][orane_single_3dtest name=&#8221;Stauder Stefanie&#8221; company=&#8221;Tel: 0474 555 050 &#8212; Mobil: 392 9481939&#8243; position=&#8221;Chefsekret\u00e4rin&#8221; image=&#8221;2564&#8243; link=&#8221;url:http%3A%2F%2Ffahrschule-bruneck.it%2Fde%2Fkontakt||&#8221;]Sekretariat, Inkasso, Buchhaltung, Quizassistent und Pr\u00fcfungsbegleitung Shuttle[\/orane_single_3dtest][\/orane_3dtest][vc_separator][\/vc_column][\/vc_row][vc_row el_id=&#8221;specials&#8221;][vc_column][orane_features title=&#8221;| Unsere| Specials&#8221; details=&#8221;Wir sind verl\u00e4ssliche Partner und bieten euch in angenehmer, stressfreier Atmosph\u00e4re eine fundierte Ausbildung, die euch nach der bestandenen F\u00fchrerscheinpr\u00fcfung eine gro\u00dfe Fahrsicherheit vermittelt.&#8221;][orane_single_feature title=&#8221;Learning By Yourself&#8221; icon=&#8221;fa-automobile&#8221; details=&#8221;Lorem ipsum dolor sit amet, consectetur adipisc elit. Fusce scelerisque nibh et neque faucibus suscipit nulla pariatur cillum.&#8221; link=&#8221;url:http%3A%2F%2Ffahrschule-bruneck.it%2F%3Fpage_id%3D1433%26lang%3Dde&#8221;]Auch das Sparen durch Heim\u00fcbungen mit euren Eltern liegt uns am Herzen! SPAREN, ABER RICHTIG![\/orane_single_feature][orane_single_feature title=&#8221;20 Jahre Werkstatt!&#8221; icon=&#8221;fa-wrench&#8221; details=&#8221;Lorem ipsum dolor sit amet, consectetur adipisc elit. Fusce scelerisque nibh et neque faucibus suscipit nulla pariatur cillum.&#8221; link=&#8221;url:http%3A%2F%2Ffahrschule-bruneck.it%2F%3Fpage_id%3D1435%26lang%3Dde&#8221;]Wussten Sie, dass wir 20 Jahre eine eigene Werkstatt hatten? FALSCHES FAHREN VERURSACHT KOSTEN![\/orane_single_feature][orane_single_feature title=&#8221;Motorradausbildung&#8221; icon=&#8221;fa-smile-o&#8221; details=&#8221;Lorem ipsum dolor sit amet, consectetur adipisc elit. Fusce scelerisque nibh et neque faucibus suscipit nulla pariatur cillum.&#8221; link=&#8221;url:http%3A%2F%2Ffahrschule-bruneck.it%2F%3Fpage_id%3D1437%26lang%3Dde&#8221;]ANGSTFREIES LERNEN &#8211; mit dem Instruktor gemeinsam auf dem Motorrad. WIR NEHMEN EUCH DIE ANGST VOR DEM FAHREN![\/orane_single_feature][orane_single_feature title=&#8221;Know How&#8221; icon=&#8221;fa-rocket&#8221; details=&#8221;Lorem ipsum dolor sit amet, consectetur adipisc elit. Fusce scelerisque nibh et neque faucibus suscipit nulla pariatur cillum.&#8221; link=&#8221;url:http%3A%2F%2Ffahrschule-bruneck.it%2F%3Fpage_id%3D1441%26lang%3Dde&#8221;]\u00dcber 40 Jahre ERFAHRUNG als Fahrschule-\u00fcber 14000 ERFOLGREICHE Fahrsch\u00fcler-Noch Fragen?[\/orane_single_feature][orane_single_feature title=&#8221;Innovativ&#8221; icon=&#8221;fa-lightbulb-o&#8221; details=&#8221;Lorem ipsum dolor sit amet, consectetur adipisc elit. Fusce scelerisque nibh et neque faucibus suscipit nulla pariatur cillum.&#8221; link=&#8221;url:http%3A%2F%2Ffahrschule-bruneck.it%2F%3Fpage_id%3D1443%26lang%3Dde&#8221;]INTERAKTIVE Schulungsr\u00e4ume &#8211; QUIZVORBEREITUNG MIT QUIZASSISTENT![\/orane_single_feature][orane_single_feature title=&#8221;Theorie \u00f6fters gescheitert?&#8221; icon=&#8221;fa-spinner&#8221; details=&#8221;Lorem ipsum dolor sit amet, consectetur adipisc elit. Fusce scelerisque nibh et neque faucibus suscipit nulla pariatur cillum.&#8221; link=&#8221;url:http%3A%2F%2Ffahrschule-bruneck.it%2F%3Fpage_id%3D1446%26lang%3Dde&#8221;]Einzelunterricht m\u00f6glich &#8211; AUSBILDUNGSBEGLEITENDE HILFEN \u2013 Zus\u00e4tzliche Unterst\u00fctzung bringt Erfolge![\/orane_single_feature][orane_single_feature title=&#8221;Flexibilit\u00e4t&#8221; icon=&#8221;fa-external-link&#8221; details=&#8221;Lorem ipsum dolor sit amet, consectetur adipisc elit. Fusce scelerisque nibh et neque faucibus suscipit nulla pariatur cillum.&#8221; link=&#8221;url:http%3A%2F%2Ffahrschule-bruneck.it%2F%3Fpage_id%3D1448%26lang%3Dde&#8221;]Individuelle Theoriezeiten und KLEINGRUPPEN-Unterricht nach Absprache m\u00f6glich. [\/orane_single_feature][orane_single_feature title=&#8221;Neuer EURO 5 LKW&#8221; icon=&#8221;fa-truck&#8221; details=&#8221;Lorem ipsum dolor sit amet, consectetur adipisc elit. Fusce scelerisque nibh et neque faucibus suscipit nulla pariatur cillum.&#8221; link=&#8221;url:http%3A%2F%2Ffahrschule-bruneck.it%2F%3Fpage_id%3D1439%26lang%3Dde&#8221;]Deshalb bei uns FAHRPR\u00dcFUNG IN BRUNECK![\/orane_single_feature][orane_single_feature title=&#8221;Quizbetreuung&#8221; icon=&#8221;fa-check-square-o&#8221; details=&#8221;Lorem ipsum dolor sit amet, consectetur adipisc elit. Fusce scelerisque nibh et neque faucibus suscipit nulla pariatur cillum.&#8221; link=&#8221;url:http%3A%2F%2Ffahrschule-bruneck.it%2F%3Fpage_id%3D1453%26lang%3Dde&#8221;]Quizbetreuung &#8211; HELP DESK durch unsere Quizassistenten![\/orane_single_feature][\/orane_features][\/vc_column][\/vc_row][vc_row full_height=&#8221;yes&#8221;][vc_column]<section class='welcome'>\r\n                  <div class='container'>\r\n                    <div class='col-md-12 wow fadeIn' data-wow-duration='1s' data-wow-delay='.4s'>\r\n                      <h2><span class='color'>FIRMENPHILOSOPHIE<\/span> &amp; <span class='color'>KONZEPT<\/span> f\u00fcr den Fahrsch\u00fcler<\/h2>\r\n                      <p>Unsere Fahrsch\u00fcler sollen vom theoretischen und praktischen Know-How unseres Teams und von unserer jahrzehntelangen Erfahrung profitieren.<br \/>\nDank der \u00e4u\u00dferst guten Vorbereitung und z\u00fcgigen Ausbildung k\u00f6nnen unsere Sch\u00fcler ihrer F\u00fchrerscheinpr\u00fcfung gelassen entgegenblicken und sich an den neugewonnenen Fertigkeiten erfreuen und sich daran begeistern.<\/p>\n<p>Der Zuspruch und das Lob unserer Kunden zeigt uns immer wieder, dass wir mit unserer Philosophie auf dem richtigen Weg sind. Ein Weg, den wir auch in Zukunft gerne weiter mit euch zusammen gehen werden. Zudem sorgen wir mit unserer ruhigen Art und sachlichen Kompetenz f\u00fcr einen erfolgreichen Pr\u00fcfungsabschluss.<\/p>\r\n                    <\/div>    \r\n                    <div class='col-md-12 wow fadeInUp' data-wow-duration='1s' data-wow-delay='.4s'>\r\n                      <img loading=\"lazy\" decoding=\"async\" width=\"387\" height=\"387\" src=\"https:\/\/fahrschule-bruneck.it\/wp-content\/uploads\/2020\/11\/Siegel-40-Jahre-f\u00fcr-Sie-da.png\" class=\"attachment-full size-full\" alt=\"\" srcset=\"https:\/\/fahrschule-bruneck.it\/wp-content\/uploads\/2020\/11\/Siegel-40-Jahre-f\u00fcr-Sie-da.png 387w, https:\/\/fahrschule-bruneck.it\/wp-content\/uploads\/2020\/11\/Siegel-40-Jahre-f\u00fcr-Sie-da-150x150.png 150w, https:\/\/fahrschule-bruneck.it\/wp-content\/uploads\/2020\/11\/Siegel-40-Jahre-f\u00fcr-Sie-da-300x300.png 300w, https:\/\/fahrschule-bruneck.it\/wp-content\/uploads\/2020\/11\/Siegel-40-Jahre-f\u00fcr-Sie-da-70x70.png 70w\" sizes=\"auto, (max-width: 387px) 100vw, 387px\" \/>\r\n                    <\/div>\r\n                  <\/div>\r\n                <\/section>[\/vc_column][\/vc_row][vc_row full_height=&#8221;yes&#8221;][vc_column][orane_services][orane_single_service title=&#8221;TRANSPARENZ&#8221; details=&#8221;Wir haben nichts zu verstecken, vor allem keine Preise! 100% Transparenz!&#8221;][orane_single_service title=&#8221;FACHWISSEN&#8221; details=&#8221;\u00dcber 35 Jahre Erfahrung und 13000 erfolgreiche Fahrsch\u00fcler sprechen eine eindeutige Sprache!&#8221;][orane_single_service title=&#8221;SUPPORT&#8221; details=&#8221;Angstfreies Lernen f\u00fcr unsere Fahrsch\u00fcler steht an oberster Stelle!&#8221;][\/orane_services][\/vc_column][\/vc_row][vc_row full_height=&#8221;yes&#8221; css=&#8221;.vc_custom_1450210375468{background-position: center !important;background-repeat: no-repeat !important;background-size: cover !important;}&#8221;][vc_column css=&#8221;.vc_custom_1450210245162{background-image: url(http:\/\/fahrschule-bruneck.it\/wp-content\/uploads\/2015\/11\/think-outside-the-box-startseite-marc-Medium.jpg?id=2405) !important;background-position: center !important;background-repeat: no-repeat !important;background-size: cover !important;}&#8221;]<section class='section_space'>\r\n                    <div class='container'>\r\n                        <div class='blankspace' style='height:300px;'><\/div>\r\n                    <\/div>\r\n                <\/section>[\/vc_column][\/vc_row][vc_row][vc_column][orane_special title=&#8221;Unsere |St\u00e4rken|&#8221; details=&#8221;Wir m\u00f6chten unseren Sch\u00fclern &amp; Sch\u00fclerinnen eine gute, umfassende und optimale Ausbildung in allen F\u00fchrerscheinklassen vermitteln.<br \/>\nUnser Ziel ist es, durch eine gute Ausbildung schwere Unf\u00e4lle auf den Stra\u00dfen zu reduzieren.<\/p>\n<p>Unsere St\u00e4rken bestehen darin, euch NICHT NUR das Autofahren beizubringen, sondern vor allem Erfahrungswerte in allen Bereichen wie beispielsweise die richtige Versicherungswahl, Tips und Tricks f\u00fcr den g\u00fcnstigen Autokauf, die richtige Fahrzeugwahl und anfallende Werkstattfragen. Aber auch in erster Linie die richtige Bedienung des Fahrzeuges, um Folgekosten zu vermeiden.<\/p>\n<p><strong>WIR HABEN DAS KNOW HOW !<\/strong><\/p>\n<p>Der F\u00fchrerschein sollte somit als Investition zum Sparen in der Zukunft gesehen werden.<\/p>\n<p>Denk nicht kurzfristig: THINK OUTSIDE THE BOX !&#8221;][orane_single_special title=&#8221;Ausbildungsqualit\u00e4t&#8221; details=&#8221;100&#8243;][orane_single_special title=&#8221;Leichtes Lernen&#8221; details=&#8221;100&#8243;][orane_single_special title=&#8221;Modernste Technik&#8221; details=&#8221;100&#8243;][orane_single_special title=&#8221;Preistransparenz&#8221; details=&#8221;100&#8243;][\/orane_special][\/vc_column][\/vc_row][vc_row][vc_column]<section class='seo' style='background:url(https:\/\/fahrschule-bruneck.it\/wp-content\/uploads\/2020\/11\/DSC04814.jpg) no-repeat scroll 0 0 \/ cover  rgba(0, 0, 0, 0)'>\r\n                    <div class='container'>\r\n                            <div class='col-md-8'>\r\n                                <div class='box-1 shadow-1'>\r\n                                <h2>Hochmoderne <span class='color'>Schulungsr\u00e4ume<\/span><\/h2>\r\n                                <span id='typed'><\/span>\r\n                                <p>Vergleichen Sie unsere Schulungsr\u00e4ume mit denen unserer Konkurrenz, dann begreifen Sie sofort den riesigen Unterschied. Somit d\u00fcrfte Ihnen die Auswahl der richtigen Fahrschule nicht schwer fallen.<\/p>\n<p>Warum und aus welchem Grund bieten WIR unseren Fahrsch\u00fclern so \u00fcberdurchschnittliche Einrichtungen an?<\/p>\n<p>Weil wir unseren Fahrsch\u00fclern etwas bieten und sie auch dementsprechend gut ausbilden wollen.<\/p>\n<p>Die sch\u00f6nste Best\u00e4tigung f\u00fcr den eingeschlagenen Weg erhalten wir von unseren Sch\u00fclern t\u00e4glich aufs Neue!<br \/>\n<\/p>\r\n                                <a class='btn-1' href='http:\/\/s600511469.sito-web-online.it\/de\/fotogalerie'>ZUR FOTOGALERIE &nbsp;<i class='fa fa-hand-o-right '><\/i><\/a>\r\n                                <\/div>\r\n                            <\/div>\r\n                    <\/div>\r\n                <\/section>[\/vc_column][\/vc_row][vc_row][vc_column]<section class='section_space'>\r\n                    <div class='container'>\r\n                        <div class='blankspace' style='height:20px;'><\/div>\r\n                    <\/div>\r\n                <\/section>[\/vc_column][\/vc_row][vc_row css=&#8221;.vc_custom_1605905300130{background-color: #000000 !important;}&#8221;][vc_column css=&#8221;.vc_custom_1605905408903{background-color: #000000 !important;}&#8221;][vc_column_text css=&#8221;.vc_custom_1605918555558{background-color: #000000 !important;}&#8221;]<\/p>\n<h1 style=\"text-align: center;\"><em><span style=\"color: #ff6600;\"><span style=\"color: #ff0000;\">&#8230; in Zusammenarbeit<\/span> <span style=\"color: #ffffff;\">mit &#8230;<\/span><\/span><\/em><\/h1>\n<p>[\/vc_column_text][vc_column_text css=&#8221;.vc_custom_1605916411190{padding: 3px !important;background-color: #ffffff !important;}&#8221;][\/vc_column_text][vc_column_text css=&#8221;.vc_custom_1606238719677{background-color: #000000 !important;}&#8221;]<\/p>\n<h1 style=\"text-align: center;\"><span style=\"color: #ffffff;\">Dr. Karl Erlacher<\/span><\/h1>\n<h1 style=\"text-align: center;\"><span style=\"color: #ffffff;\">&#8211; Experte in Rechtsfragen betreffend der StVO. &#8211;<\/span><\/h1>\n<p>[\/vc_column_text][vc_single_image image=&#8221;3065&#8243; img_size=&#8221;full&#8221; alignment=&#8221;center&#8221; onclick=&#8221;custom_link&#8221; css=&#8221;.vc_custom_1605908528460{background-color: #000000 !important;}&#8221; link=&#8221;http:\/\/fahrschule-bruneck.it\/?page_id=1694&amp;lang=de&#8221;][vc_column_text css=&#8221;.vc_custom_1606238858664{background-color: #000000 !important;}&#8221;]<\/p>\n<ul>\n<li><span style=\"color: #ffffff;\">Er war von 1980 bis 2015 bei der Staatspolizei, mit Erfahrung als Kommissar der Kriminalpolzei und als Kommandant der Strassenpolizei Bruneck<\/span><\/li>\n<li><span style=\"color: #ffffff;\">Er verf\u00fcgt \u00fcber Fachkenntnisse in Fragen der Stra\u00dfenverkehrsordnung (Verkehrsunf\u00e4lle, G\u00fcterverkehr, Ladungssicherung, Fahren unter Alkohol- oder Drogeneinfluss, Aussetzung oder Entzug des F\u00fchrerscheins usw.) und im Bereich der Verwaltungspolizei (F\u00fchrerscheine) Waffenlizenz, Verweigerung, Widerruf, Aussetzung der Waffenlizenz f\u00fcr Jagd- oder Selbstverteidigungszwecke, Sprengstoff, Aufenthaltserlaubnis, Staatsb\u00fcrgerschaft, \u00f6ffentliche Veranstaltungen usw.).<\/span><\/li>\n<li><span style=\"color: #ffffff;\">Sprachen: Deutsch, Italienisch.<\/span><\/li>\n<\/ul>\n<p>[\/vc_column_text][rev_slider_vc alias=&#8221;cleanslider&#8221;][\/vc_column][\/vc_row][vc_row][vc_column][\/vc_column][\/vc_row]<\/p>\n<\/div>","protected":false},"excerpt":{"rendered":"<p>[vc_row][vc_column][rev_slider_vc alias=&#8221;slider1&#8243;][\/vc_column][\/vc_row][vc_row][vc_column][\/vc_column][\/vc_row][vc_row][vc_column offset=&#8221;vc_hidden-xs&#8221;][orane_3dtest][orane_single_3dtest name=&#8221;Jungmann Hannes&#8221; company=&#8221;Tel: 366 36 14 177&#8243; position=&#8221;Gesch\u00e4ftsf\u00fchrer&#8221; image=&#8221;1102&#8243; link=&#8221;url:http%3A%2F%2Ffahrschule-bruneck.it%2Fde%2Fkontakt||&#8221;]Theorie- und Fahrlehrer[\/orane_single_3dtest][orane_single_3dtest name=&#8221;Jungmann Paul&#8221; company=&#8221;Tel: 349 22 06 799&#8243; position=&#8221;Gesellschafter&#8221; image=&#8221;57&#8243; link=&#8221;url:http%3A%2F%2Ffahrschule-bruneck.it%2Fde%2Fkontakt||&#8221;]Theorie- und Fahrlehrer[\/orane_single_3dtest][orane_single_3dtest name=&#8221;Giuseppe Porcelli&#8221; company=&#8221;Tel: 0474 555 050&#8243; position=&#8221;Cat. AM &#8211; A &#8211; B &#8211; BE &#8211; C &#8211; CE &#8211; D &#8211; DE&#8221; image=&#8221;3498&#8243; link=&#8221;url:http%3A%2F%2Ffahrschule-bruneck.it%2Fde%2Fkontakt||&#8221;]Fahrlehrer[\/orane_single_3dtest][orane_single_3dtest name=&#8221;Putzer Raimund&#8221; company=&#8221;Tel: 0474&#8230;<\/p>\n","protected":false},"author":1,"featured_media":0,"parent":0,"menu_order":0,"comment_status":"closed","ping_status":"closed","template":"home-page.php","meta":{"footnotes":""},"class_list":["post-981","page","type-page","status-publish","hentry"],"_links":{"self":[{"href":"https:\/\/fahrschule-bruneck.it\/index.php?rest_route=\/wp\/v2\/pages\/981","targetHints":{"allow":["GET"]}}],"collection":[{"href":"https:\/\/fahrschule-bruneck.it\/index.php?rest_route=\/wp\/v2\/pages"}],"about":[{"href":"https:\/\/fahrschule-bruneck.it\/index.php?rest_route=\/wp\/v2\/types\/page"}],"author":[{"embeddable":true,"href":"https:\/\/fahrschule-bruneck.it\/index.php?rest_route=\/wp\/v2\/users\/1"}],"replies":[{"embeddable":true,"href":"https:\/\/fahrschule-bruneck.it\/index.php?rest_route=%2Fwp%2Fv2%2Fcomments&post=981"}],"version-history":[{"count":309,"href":"https:\/\/fahrschule-bruneck.it\/index.php?rest_route=\/wp\/v2\/pages\/981\/revisions"}],"predecessor-version":[{"id":3509,"href":"https:\/\/fahrschule-bruneck.it\/index.php?rest_route=\/wp\/v2\/pages\/981\/revisions\/3509"}],"wp:attachment":[{"href":"https:\/\/fahrschule-bruneck.it\/index.php?rest_route=%2Fwp%2Fv2%2Fmedia&parent=981"}],"curies":[{"name":"wp","href":"https:\/\/api.w.org\/{rel}","templated":true}]}}